{"id":35,"date":"2021-08-03T11:05:00","date_gmt":"2021-08-03T09:05:00","guid":{"rendered":"https:\/\/fhato.net\/ch\/?page_id=35"},"modified":"2023-12-13T09:41:31","modified_gmt":"2023-12-13T08:41:31","slug":"nos-bases-ecole","status":"publish","type":"page","link":"https:\/\/fhato.net\/ch\/nos-bases-ecole\/","title":{"rendered":"nos bases \u00e9cole"},"content":{"rendered":"<div  class=\"tatsu-gt3pm1idgr63hpf3 tatsu-section  tatsu-bg-overlay   tatsu-clearfix\" data-title=\"\"  data-headerscheme=\"background--dark\"><div class='tatsu-section-pad clearfix' data-padding='{\"d\":\"30px 0px 30px 0px\"}' data-padding-top='30px'><div class=\"tatsu-row-wrap  tatsu-wrap tatsu-row-one-col tatsu-row-has-one-cols tatsu-medium-gutter tatsu-reg-cols  tatsu-clearfix tatsu-gt3pm1idj0bqkpqh\" ><div  class=\"tatsu-row \" ><div  class=\"tatsu-column  tatsu-bg-overlay tatsu-one-col tatsu-column-image-none tatsu-column-effect-none  tatsu-gt3pm1idm1ctxpz7\"  data-parallax-speed=\"0\" style=\"\"><div class=\"tatsu-column-inner \" ><div class=\"tatsu-column-pad-wrap\"><div class=\"tatsu-column-pad\" ><div  class=\"tatsu-module tatsu-text-block-wrap tatsu-gt3pm1idobdphvfe  \"><div class=\"tatsu-text-inner tatsu-align-center  clearfix\" ><style>.tatsu-gt3pm1idobdphvfe.tatsu-text-block-wrap .tatsu-text-inner{width: 100%;text-align: left;color: rgba(255,255,255,1) ;}.tatsu-gt3pm1idobdphvfe .tatsu-text-inner *{color: rgba(255,255,255,1) ;}@media only screen and (max-width: 767px) {.tatsu-gt3pm1idobdphvfe.tatsu-text-block-wrap .tatsu-text-inner{width: 100%;text-align: left;}}<\/style>\n<h1 style=\"text-align: center;\">NOS BASES ECOLE<\/h1>\n<\/div><\/div><\/div><\/div><div class = \"tatsu-column-bg-image-wrap\"><div class = \"tatsu-column-bg-image\" ><\/div><\/div><div class=\"tatsu-overlay tatsu-column-overlay tatsu-animate-none\" ><\/div><\/div><style>.tatsu-row > .tatsu-gt3pm1idm1ctxpz7.tatsu-column{width: 100%;}.tatsu-gt3pm1idm1ctxpz7.tatsu-column > .tatsu-column-inner > .tatsu-column-overlay{mix-blend-mode: normal;}.tatsu-gt3pm1idm1ctxpz7 > .tatsu-column-inner > .tatsu-top-divider{z-index: 9999;}.tatsu-gt3pm1idm1ctxpz7 > .tatsu-column-inner > .tatsu-bottom-divider{z-index: 9999;}.tatsu-gt3pm1idm1ctxpz7 > .tatsu-column-inner > .tatsu-left-divider{z-index: 9999;}.tatsu-gt3pm1idm1ctxpz7 > .tatsu-column-inner > .tatsu-right-divider{z-index: 9999;}@media only screen and (max-width:1377px) {.tatsu-row > .tatsu-gt3pm1idm1ctxpz7.tatsu-column{width: 100%;}}@media only screen and (min-width:768px) and (max-width: 1024px) {.tatsu-row > .tatsu-gt3pm1idm1ctxpz7.tatsu-column{width: 100%;}}@media only screen and (max-width: 767px) {.tatsu-row > .tatsu-gt3pm1idm1ctxpz7.tatsu-column{width: 100%;}}<\/style><\/div><\/div><\/div><\/div><div class=\"tatsu-section-background-wrap\"><div class = \"tatsu-section-background\" ><\/div><\/div><div class=\"tatsu-overlay tatsu-section-overlay\"><\/div><style>.tatsu-gt3pm1idgr63hpf3.tatsu-section{background-color: rgba(186,169,127,1);}.tatsu-gt3pm1idgr63hpf3 .tatsu-section-pad{padding: 30px 0px 30px 0px;}.tatsu-gt3pm1idgr63hpf3 .tatsu-section-offset-wrap{transform: translateY(-0px);}.tatsu-gt3pm1idgr63hpf3 > .tatsu-bottom-divider{z-index: 9999;}.tatsu-gt3pm1idgr63hpf3 > .tatsu-top-divider{z-index: 9999;}.tatsu-gt3pm1idgr63hpf3 .tatsu-section-overlay{mix-blend-mode: normal;}<\/style><\/div><div  class=\"tatsu-gt3pm1id6ncunhqv tatsu-section  tatsu-bg-overlay   tatsu-clearfix\" data-title=\"\"  data-headerscheme=\"background--dark\"><div class='tatsu-section-pad clearfix' data-padding='{\"d\":\"30px 0px 30px 0px\"}' data-padding-top='30px'><div class=\"tatsu-row-wrap  tatsu-wrap tatsu-row-one-col tatsu-row-has-one-cols tatsu-medium-gutter tatsu-reg-cols  tatsu-clearfix tatsu-gt3pm1id9371nnqz\" ><div  class=\"tatsu-row \" ><div  class=\"tatsu-column  tatsu-bg-overlay tatsu-one-col tatsu-column-image-none tatsu-column-effect-none  tatsu-gt3pm1idc9a9n6zu\"  data-parallax-speed=\"0\" style=\"\"><div class=\"tatsu-column-inner \" ><div class=\"tatsu-column-pad-wrap\"><div class=\"tatsu-column-pad\" ><div  class=\"tatsu-module tatsu-text-block-wrap tatsu-HyuyNAxeY  \"><div class=\"tatsu-text-inner tatsu-align-center  clearfix\" ><style>.tatsu-HyuyNAxeY.tatsu-text-block-wrap .tatsu-text-inner{width: 100%;text-align: left;}<\/style>\n<h4 style=\"text-align: center;\">FHATO : FLY SAFE &#038; PERFECT EVERYWHERE<\/h4>\n<\/div><\/div><div  class=\"tatsu-module tatsu-text-block-wrap tatsu-gt3pm1idehcs26x0  \"><div class=\"tatsu-text-inner tatsu-align-center  clearfix\" ><style>.tatsu-gt3pm1idehcs26x0.tatsu-text-block-wrap .tatsu-text-inner{width: 100%;text-align: center;padding: 0px 5px 0px 0px;}<\/style>\n<h5 style=\"text-align: center;\">Notre pr\u00e9sence sur de nombreuses bases en Suisse et en France nous permet de vous proposer la formation la plus adapt\u00e9e \u00e0 vos besoins et la plus proche de vous !<br \/>D\u00e9couvrez toutes nos activit\u00e9s \u00e9coles sur nos diff\u00e9rentes bases : formations, qualifications, stages, initiation au pilotage&#8230; pour tous les go\u00fbts, tous les niveaux et tous les budgets. Pr\u00e9sents \u00e0 Sion et Gen\u00e8ve ou en France, nos instructeurs se feront un plaisir de vous recevoir et vous renseigner.<\/h5>\n<\/div><\/div><\/div><\/div><div class = \"tatsu-column-bg-image-wrap\"><div class = \"tatsu-column-bg-image\" ><\/div><\/div><div class=\"tatsu-overlay tatsu-column-overlay tatsu-animate-none\" ><\/div><\/div><style>.tatsu-row > .tatsu-gt3pm1idc9a9n6zu.tatsu-column{width: 100%;}.tatsu-gt3pm1idc9a9n6zu.tatsu-column > .tatsu-column-inner > .tatsu-column-overlay{mix-blend-mode: normal;}.tatsu-gt3pm1idc9a9n6zu > .tatsu-column-inner > .tatsu-top-divider{z-index: 9999;}.tatsu-gt3pm1idc9a9n6zu > .tatsu-column-inner > .tatsu-bottom-divider{z-index: 9999;}.tatsu-gt3pm1idc9a9n6zu > .tatsu-column-inner > .tatsu-left-divider{z-index: 9999;}.tatsu-gt3pm1idc9a9n6zu > .tatsu-column-inner > .tatsu-right-divider{z-index: 9999;}@media only screen and (max-width:1377px) {.tatsu-row > .tatsu-gt3pm1idc9a9n6zu.tatsu-column{width: 100%;}}@media only screen and (min-width:768px) and (max-width: 1024px) {.tatsu-row > .tatsu-gt3pm1idc9a9n6zu.tatsu-column{width: 100%;}}@media only screen and (max-width: 767px) {.tatsu-row > .tatsu-gt3pm1idc9a9n6zu.tatsu-column{width: 100%;}}<\/style><\/div><\/div><\/div><\/div><div class=\"tatsu-section-background-wrap\"><div class = \"tatsu-section-background\" ><\/div><\/div><div class=\"tatsu-overlay tatsu-section-overlay\"><\/div><style>.tatsu-gt3pm1id6ncunhqv .tatsu-section-pad{padding: 30px 0px 30px 0px;}.tatsu-gt3pm1id6ncunhqv .tatsu-section-offset-wrap{transform: translateY(-0px);}.tatsu-gt3pm1id6ncunhqv > .tatsu-bottom-divider{z-index: 9999;}.tatsu-gt3pm1id6ncunhqv > .tatsu-top-divider{z-index: 9999;}.tatsu-gt3pm1id6ncunhqv .tatsu-section-overlay{mix-blend-mode: normal;}<\/style><\/div><div  class=\"tatsu-gt3pm1ib3a2md1ij tatsu-section  tatsu-bg-overlay   tatsu-clearfix\" data-title=\"\"  data-headerscheme=\"background--dark\"><div class='tatsu-section-pad clearfix' data-padding='{\"d\":\"50px 0px 84px 0px\"}' data-padding-top='50px'><div class=\"tatsu-row-wrap  tatsu-wrap tatsu-row-one-col tatsu-row-has-one-cols tatsu-medium-gutter tatsu-reg-cols  tatsu-clearfix tatsu-gt3pm1ib6l3obj7m\" ><div  class=\"tatsu-row \" ><div  class=\"tatsu-column  tatsu-bg-overlay tatsu-one-col tatsu-column-image-none tatsu-column-effect-none  tatsu-gt3pm1ibaeey9h1m\"  data-parallax-speed=\"0\" style=\"\"><div class=\"tatsu-column-inner \" ><div class=\"tatsu-column-pad-wrap\"><div class=\"tatsu-column-pad\" ><div  class=\"tatsu-module tatsu-button-group align-center tatsu-gt3pm1ibd36ymoqi  \"  ><div  class=\"tatsu-module tatsu-normal-button tatsu-button-wrap   tatsu-gt3pm1ibp1jfle1   \"><a class=\"tatsu-shortcode largebtn tatsu-button left-icon rounded   bg-animation-none  \" href=\"https:\/\/fhato.net\/ch\/geneve\/\" style= \"\"  aria-label=\"Gen\u00e8ve \ud83c\udde8\ud83c\udded\" data-gdpr-atts={} >Gen\u00e8ve \ud83c\udde8\ud83c\udded<\/a><style>.tatsu-gt3pm1ibp1jfle1 .tatsu-button:hover{background-color: rgba(186,169,127,1);color: rgba(255,255,255,1) ;}.tatsu-gt3pm1ibp1jfle1 .tatsu-button{color: rgba(186,169,127,1) ;border-width: 3px;border-color: rgba(186,169,127,1); }<\/style><\/div><div  class=\"tatsu-module tatsu-normal-button tatsu-button-wrap   tatsu-gt3pm1ibq57u40f5   \"><a class=\"tatsu-shortcode largebtn tatsu-button left-icon rounded   bg-animation-none  \" href=\"https:\/\/fhato.net\/ch\/sion\/\" style= \"\"  aria-label=\"Sion \ud83c\udde8\ud83c\udded\" data-gdpr-atts={} >Sion \ud83c\udde8\ud83c\udded<\/a><style>.tatsu-gt3pm1ibq57u40f5 .tatsu-button:hover{background-color: rgba(186,169,127,1);color: rgba(255,255,255,1) ;}.tatsu-gt3pm1ibq57u40f5 .tatsu-button{color: rgba(186,169,127,1) ;border-width: 3px;border-color: rgba(186,169,127,1); }<\/style><\/div><div  class=\"tatsu-module tatsu-normal-button tatsu-button-wrap   tatsu-gt3pm1ibgb9p9wyf   \"><a class=\"tatsu-shortcode largebtn tatsu-button left-icon rounded   bg-animation-none  \" href=\"https:\/\/fhato.net\/fr\/annemasse\/\" style= \"\"  aria-label=\"Annemasse (FR)\" data-gdpr-atts={} >Annemasse (FR)<\/a><style>.tatsu-gt3pm1ibgb9p9wyf .tatsu-button:hover{background-color: rgba(186,169,127,1);color: rgba(255,255,255,1) ;}.tatsu-gt3pm1ibgb9p9wyf .tatsu-button{color: rgba(186,169,127,1) ;border-width: 3px;border-color: rgba(186,169,127,1); }<\/style><\/div><div  class=\"tatsu-module tatsu-normal-button tatsu-button-wrap   tatsu-S1b9akDUp   \"><a class=\"tatsu-shortcode largebtn tatsu-button left-icon rounded   bg-animation-none  \" href=\"https:\/\/fhato.net\/fr\/grenoble\/\" style= \"\"  aria-label=\"Grenoble (FR)\" data-gdpr-atts={} >Grenoble (FR)<\/a><style>.tatsu-S1b9akDUp .tatsu-button:hover{background-color: rgba(186,169,127,1);color: rgba(255,255,255,1) ;}.tatsu-S1b9akDUp .tatsu-button{color: rgba(186,169,127,1) ;border-width: 3px;border-color: rgba(186,169,127,1); }<\/style><\/div><div  class=\"tatsu-module tatsu-normal-button tatsu-button-wrap   tatsu-gt3pm1ibij3r81kf   \"><a class=\"tatsu-shortcode largebtn tatsu-button left-icon rounded   bg-animation-none  \" href=\"https:\/\/fhato.net\/fr\/gap\/\" style= \"\"  aria-label=\"Gap (FR)\" data-gdpr-atts={} >Gap (FR)<\/a><style>.tatsu-gt3pm1ibij3r81kf .tatsu-button:hover{background-color: rgba(186,169,127,1);color: rgba(255,255,255,1) ;}.tatsu-gt3pm1ibij3r81kf .tatsu-button{color: rgba(186,169,127,1) ;border-width: 3px;border-color: rgba(186,169,127,1); }<\/style><\/div><div  class=\"tatsu-module tatsu-normal-button tatsu-button-wrap   tatsu-gt3pm1ibjl404796   \"><a class=\"tatsu-shortcode largebtn tatsu-button left-icon rounded   bg-animation-none  \" href=\"https:\/\/fhato.net\/fr\/paris-toussus\/\" style= \"\"  aria-label=\"Paris (FR)\" data-gdpr-atts={} >Paris (FR)<\/a><style>.tatsu-gt3pm1ibjl404796 .tatsu-button:hover{background-color: rgba(186,169,127,1);color: rgba(255,255,255,1) ;}.tatsu-gt3pm1ibjl404796 .tatsu-button{color: rgba(186,169,127,1) ;border-width: 3px;border-color: rgba(186,169,127,1); }<\/style><\/div><\/div><style>.tatsu-gt3pm1ibd36ymoqi.tatsu-button-group{margin: 0px 0px 20px 0px;}<\/style><\/div><\/div><div class = \"tatsu-column-bg-image-wrap\"><div class = \"tatsu-column-bg-image\" ><\/div><\/div><div class=\"tatsu-overlay tatsu-column-overlay tatsu-animate-none\" ><\/div><\/div><style>.tatsu-row > .tatsu-gt3pm1ibaeey9h1m.tatsu-column{width: 100%;}.tatsu-gt3pm1ibaeey9h1m.tatsu-column > .tatsu-column-inner > .tatsu-column-overlay{mix-blend-mode: normal;}.tatsu-gt3pm1ibaeey9h1m > .tatsu-column-inner > .tatsu-top-divider{z-index: 9999;}.tatsu-gt3pm1ibaeey9h1m > .tatsu-column-inner > .tatsu-bottom-divider{z-index: 9999;}.tatsu-gt3pm1ibaeey9h1m > .tatsu-column-inner > .tatsu-left-divider{z-index: 9999;}.tatsu-gt3pm1ibaeey9h1m > .tatsu-column-inner > .tatsu-right-divider{z-index: 9999;}@media only screen and (max-width:1377px) {.tatsu-row > .tatsu-gt3pm1ibaeey9h1m.tatsu-column{width: 100%;}}@media only screen and (min-width:768px) and (max-width: 1024px) {.tatsu-row > .tatsu-gt3pm1ibaeey9h1m.tatsu-column{width: 100%;}}@media only screen and (max-width: 767px) {.tatsu-row > .tatsu-gt3pm1ibaeey9h1m.tatsu-column{width: 100%;}}<\/style><\/div><\/div><\/div><\/div><div class=\"tatsu-section-background-wrap\"><div class = \"tatsu-section-background\" ><\/div><\/div><div class=\"tatsu-overlay tatsu-section-overlay\"><\/div><style>.tatsu-gt3pm1ib3a2md1ij .tatsu-section-pad{padding: 50px 0px 84px 0px;}.tatsu-gt3pm1ib3a2md1ij .tatsu-section-offset-wrap{transform: translateY(-0px);}.tatsu-gt3pm1ib3a2md1ij > .tatsu-bottom-divider{z-index: 9999;}.tatsu-gt3pm1ib3a2md1ij > .tatsu-top-divider{z-index: 9999;}.tatsu-gt3pm1ib3a2md1ij .tatsu-section-overlay{mix-blend-mode: normal;}<\/style><\/div>\n","protected":false},"excerpt":{"rendered":"<p><a href=\"https:\/\/fhato.net\/ch\/nos-bases-ecole\/\" class=\"more-link style1-button\">Read More<\/a><\/p>","protected":false},"author":1,"featured_media":0,"parent":0,"menu_order":0,"comment_status":"closed","ping_status":"closed","template":"","meta":{"footnotes":""},"class_list":["post-35","page","type-page","status-publish","hentry"],"yoast_head":"<!-- This site is optimized with the Yoast SEO plugin v26.7 - https:\/\/yoast.com\/wordpress\/plugins\/seo\/ -->\n<title>nos bases \u00e9cole - Fhato CH<\/title>\n<meta name=\"robots\" content=\"index, follow, max-snippet:-1, max-image-preview:large, max-video-preview:-1\" \/>\n<link rel=\"canonical\" href=\"https:\/\/fhato.net\/ch\/nos-bases-ecole\/\" \/>\n<meta property=\"og:locale\" content=\"fr_FR\" \/>\n<meta property=\"og:type\" content=\"article\" \/>\n<meta property=\"og:title\" content=\"nos bases \u00e9cole - Fhato CH\" \/>\n<meta property=\"og:url\" content=\"https:\/\/fhato.net\/ch\/nos-bases-ecole\/\" \/>\n<meta property=\"og:site_name\" content=\"Fhato CH\" \/>\n<meta property=\"article:modified_time\" content=\"2023-12-13T08:41:31+00:00\" \/>\n<meta name=\"twitter:card\" content=\"summary_large_image\" \/>\n<meta name=\"twitter:label1\" content=\"Dur\u00e9e de lecture estim\u00e9e\" \/>\n\t<meta name=\"twitter:data1\" content=\"14 minutes\" \/>\n<script type=\"application\/ld+json\" class=\"yoast-schema-graph\">{\"@context\":\"https:\/\/schema.org\",\"@graph\":[{\"@type\":\"WebPage\",\"@id\":\"https:\/\/fhato.net\/ch\/nos-bases-ecole\/\",\"url\":\"https:\/\/fhato.net\/ch\/nos-bases-ecole\/\",\"name\":\"nos bases \u00e9cole - Fhato CH\",\"isPartOf\":{\"@id\":\"https:\/\/fhato.net\/ch\/#website\"},\"datePublished\":\"2021-08-03T09:05:00+00:00\",\"dateModified\":\"2023-12-13T08:41:31+00:00\",\"breadcrumb\":{\"@id\":\"https:\/\/fhato.net\/ch\/nos-bases-ecole\/#breadcrumb\"},\"inLanguage\":\"fr-FR\",\"potentialAction\":[{\"@type\":\"ReadAction\",\"target\":[\"https:\/\/fhato.net\/ch\/nos-bases-ecole\/\"]}]},{\"@type\":\"BreadcrumbList\",\"@id\":\"https:\/\/fhato.net\/ch\/nos-bases-ecole\/#breadcrumb\",\"itemListElement\":[{\"@type\":\"ListItem\",\"position\":1,\"name\":\"Accueil\",\"item\":\"https:\/\/fhato.net\/ch\/\"},{\"@type\":\"ListItem\",\"position\":2,\"name\":\"nos bases \u00e9cole\"}]},{\"@type\":\"WebSite\",\"@id\":\"https:\/\/fhato.net\/ch\/#website\",\"url\":\"https:\/\/fhato.net\/ch\/\",\"name\":\"Fhato CH\",\"description\":\"Votre \u00e9cole de pilotage\",\"publisher\":{\"@id\":\"https:\/\/fhato.net\/ch\/#organization\"},\"potentialAction\":[{\"@type\":\"SearchAction\",\"target\":{\"@type\":\"EntryPoint\",\"urlTemplate\":\"https:\/\/fhato.net\/ch\/?s={search_term_string}\"},\"query-input\":{\"@type\":\"PropertyValueSpecification\",\"valueRequired\":true,\"valueName\":\"search_term_string\"}}],\"inLanguage\":\"fr-FR\"},{\"@type\":\"Organization\",\"@id\":\"https:\/\/fhato.net\/ch\/#organization\",\"name\":\"Fhato CH\",\"url\":\"https:\/\/fhato.net\/ch\/\",\"logo\":{\"@type\":\"ImageObject\",\"inLanguage\":\"fr-FR\",\"@id\":\"https:\/\/fhato.net\/ch\/#\/schema\/logo\/image\/\",\"url\":\"https:\/\/fhato.net\/ch\/wp-content\/uploads\/sites\/3\/2021\/08\/fhato_162px.png\",\"contentUrl\":\"https:\/\/fhato.net\/ch\/wp-content\/uploads\/sites\/3\/2021\/08\/fhato_162px.png\",\"width\":162,\"height\":162,\"caption\":\"Fhato CH\"},\"image\":{\"@id\":\"https:\/\/fhato.net\/ch\/#\/schema\/logo\/image\/\"}}]}<\/script>\n<!-- \/ Yoast SEO plugin. -->","yoast_head_json":{"title":"nos bases \u00e9cole - Fhato CH","robots":{"index":"index","follow":"follow","max-snippet":"max-snippet:-1","max-image-preview":"max-image-preview:large","max-video-preview":"max-video-preview:-1"},"canonical":"https:\/\/fhato.net\/ch\/nos-bases-ecole\/","og_locale":"fr_FR","og_type":"article","og_title":"nos bases \u00e9cole - Fhato CH","og_url":"https:\/\/fhato.net\/ch\/nos-bases-ecole\/","og_site_name":"Fhato CH","article_modified_time":"2023-12-13T08:41:31+00:00","twitter_card":"summary_large_image","twitter_misc":{"Dur\u00e9e de lecture estim\u00e9e":"14 minutes"},"schema":{"@context":"https:\/\/schema.org","@graph":[{"@type":"WebPage","@id":"https:\/\/fhato.net\/ch\/nos-bases-ecole\/","url":"https:\/\/fhato.net\/ch\/nos-bases-ecole\/","name":"nos bases \u00e9cole - Fhato CH","isPartOf":{"@id":"https:\/\/fhato.net\/ch\/#website"},"datePublished":"2021-08-03T09:05:00+00:00","dateModified":"2023-12-13T08:41:31+00:00","breadcrumb":{"@id":"https:\/\/fhato.net\/ch\/nos-bases-ecole\/#breadcrumb"},"inLanguage":"fr-FR","potentialAction":[{"@type":"ReadAction","target":["https:\/\/fhato.net\/ch\/nos-bases-ecole\/"]}]},{"@type":"BreadcrumbList","@id":"https:\/\/fhato.net\/ch\/nos-bases-ecole\/#breadcrumb","itemListElement":[{"@type":"ListItem","position":1,"name":"Accueil","item":"https:\/\/fhato.net\/ch\/"},{"@type":"ListItem","position":2,"name":"nos bases \u00e9cole"}]},{"@type":"WebSite","@id":"https:\/\/fhato.net\/ch\/#website","url":"https:\/\/fhato.net\/ch\/","name":"Fhato CH","description":"Votre \u00e9cole de pilotage","publisher":{"@id":"https:\/\/fhato.net\/ch\/#organization"},"potentialAction":[{"@type":"SearchAction","target":{"@type":"EntryPoint","urlTemplate":"https:\/\/fhato.net\/ch\/?s={search_term_string}"},"query-input":{"@type":"PropertyValueSpecification","valueRequired":true,"valueName":"search_term_string"}}],"inLanguage":"fr-FR"},{"@type":"Organization","@id":"https:\/\/fhato.net\/ch\/#organization","name":"Fhato CH","url":"https:\/\/fhato.net\/ch\/","logo":{"@type":"ImageObject","inLanguage":"fr-FR","@id":"https:\/\/fhato.net\/ch\/#\/schema\/logo\/image\/","url":"https:\/\/fhato.net\/ch\/wp-content\/uploads\/sites\/3\/2021\/08\/fhato_162px.png","contentUrl":"https:\/\/fhato.net\/ch\/wp-content\/uploads\/sites\/3\/2021\/08\/fhato_162px.png","width":162,"height":162,"caption":"Fhato CH"},"image":{"@id":"https:\/\/fhato.net\/ch\/#\/schema\/logo\/image\/"}}]}},"_links":{"self":[{"href":"https:\/\/fhato.net\/ch\/wp-json\/wp\/v2\/pages\/35","targetHints":{"allow":["GET"]}}],"collection":[{"href":"https:\/\/fhato.net\/ch\/wp-json\/wp\/v2\/pages"}],"about":[{"href":"https:\/\/fhato.net\/ch\/wp-json\/wp\/v2\/types\/page"}],"author":[{"embeddable":true,"href":"https:\/\/fhato.net\/ch\/wp-json\/wp\/v2\/users\/1"}],"replies":[{"embeddable":true,"href":"https:\/\/fhato.net\/ch\/wp-json\/wp\/v2\/comments?post=35"}],"version-history":[{"count":11,"href":"https:\/\/fhato.net\/ch\/wp-json\/wp\/v2\/pages\/35\/revisions"}],"predecessor-version":[{"id":497,"href":"https:\/\/fhato.net\/ch\/wp-json\/wp\/v2\/pages\/35\/revisions\/497"}],"wp:attachment":[{"href":"https:\/\/fhato.net\/ch\/wp-json\/wp\/v2\/media?parent=35"}],"curies":[{"name":"wp","href":"https:\/\/api.w.org\/{rel}","templated":true}]}}