{"id":45,"date":"2021-08-03T11:12:15","date_gmt":"2021-08-03T09:12:15","guid":{"rendered":"https:\/\/fhato.net\/ch\/?page_id=45"},"modified":"2021-08-11T23:39:31","modified_gmt":"2021-08-11T21:39:31","slug":"premiers-pas","status":"publish","type":"page","link":"https:\/\/fhato.net\/ch\/premiers-pas\/","title":{"rendered":"premiers pas"},"content":{"rendered":"<div  class=\"tatsu-gt3ptko1n91dr241 tatsu-section  tatsu-bg-overlay   tatsu-clearfix\" data-title=\"\"  data-headerscheme=\"background--dark\"><div class='tatsu-section-pad clearfix' data-padding='{\"d\":\"30px 0px 30px 0px\"}' data-padding-top='30px'><div class=\"tatsu-row-wrap  tatsu-wrap tatsu-row-one-col tatsu-row-has-one-cols tatsu-medium-gutter tatsu-reg-cols  tatsu-clearfix tatsu-gt3ptko1pz2god33\" ><div  class=\"tatsu-row \" ><div  class=\"tatsu-column  tatsu-bg-overlay tatsu-one-col tatsu-column-image-none tatsu-column-effect-none  tatsu-gt3ptko1t31blzp0\"  data-parallax-speed=\"0\" style=\"\"><div class=\"tatsu-column-inner \" ><div class=\"tatsu-column-pad-wrap\"><div class=\"tatsu-column-pad\" ><div  class=\"tatsu-module tatsu-text-block-wrap tatsu-gt3ptko1v86zlst  \"><div class=\"tatsu-text-inner tatsu-align-center  clearfix\" ><style>.tatsu-gt3ptko1v86zlst.tatsu-text-block-wrap .tatsu-text-inner{width: 100%;text-align: left;color: rgba(255,255,255,1) ;}.tatsu-gt3ptko1v86zlst .tatsu-text-inner *{color: rgba(255,255,255,1) ;}@media only screen and (max-width: 767px) {.tatsu-gt3ptko1v86zlst.tatsu-text-block-wrap .tatsu-text-inner{width: 100%;text-align: left;}}<\/style>\n<h1 style=\"text-align: center;\">PREMIERS PAS<\/h1>\n<\/div><\/div><\/div><\/div><div class = \"tatsu-column-bg-image-wrap\"><div class = \"tatsu-column-bg-image\" ><\/div><\/div><div class=\"tatsu-overlay tatsu-column-overlay tatsu-animate-none\" ><\/div><\/div><style>.tatsu-row > .tatsu-gt3ptko1t31blzp0.tatsu-column{width: 100%;}.tatsu-gt3ptko1t31blzp0.tatsu-column > .tatsu-column-inner > .tatsu-column-overlay{mix-blend-mode: normal;}.tatsu-gt3ptko1t31blzp0 > .tatsu-column-inner > .tatsu-top-divider{z-index: 9999;}.tatsu-gt3ptko1t31blzp0 > .tatsu-column-inner > .tatsu-bottom-divider{z-index: 9999;}.tatsu-gt3ptko1t31blzp0 > .tatsu-column-inner > .tatsu-left-divider{z-index: 9999;}.tatsu-gt3ptko1t31blzp0 > .tatsu-column-inner > .tatsu-right-divider{z-index: 9999;}@media only screen and (max-width:1377px) {.tatsu-row > .tatsu-gt3ptko1t31blzp0.tatsu-column{width: 100%;}}@media only screen and (min-width:768px) and (max-width: 1024px) {.tatsu-row > .tatsu-gt3ptko1t31blzp0.tatsu-column{width: 100%;}}@media only screen and (max-width: 767px) {.tatsu-row > .tatsu-gt3ptko1t31blzp0.tatsu-column{width: 100%;}}<\/style><\/div><\/div><\/div><\/div><div class=\"tatsu-section-background-wrap\"><div class = \"tatsu-section-background\" ><\/div><\/div><div class=\"tatsu-overlay tatsu-section-overlay\"><\/div><style>.tatsu-gt3ptko1n91dr241.tatsu-section{background-color: rgba(186,169,127,1);}.tatsu-gt3ptko1n91dr241 .tatsu-section-pad{padding: 30px 0px 30px 0px;}.tatsu-gt3ptko1n91dr241 .tatsu-section-offset-wrap{transform: translateY(-0px);}.tatsu-gt3ptko1n91dr241 > .tatsu-bottom-divider{z-index: 9999;}.tatsu-gt3ptko1n91dr241 > .tatsu-top-divider{z-index: 9999;}.tatsu-gt3ptko1n91dr241 .tatsu-section-overlay{mix-blend-mode: normal;}<\/style><\/div><div  class=\"tatsu-gt3ptko1cb69dg88 tatsu-section  tatsu-bg-overlay   tatsu-clearfix\" data-title=\"\"  data-headerscheme=\"background--dark\"><div class='tatsu-section-pad clearfix' data-padding='{\"d\":\"30px 0px 30px 0px\"}' data-padding-top='30px'><div class=\"tatsu-row-wrap  tatsu-wrap tatsu-row-one-col tatsu-row-has-one-cols tatsu-medium-gutter tatsu-reg-cols  tatsu-clearfix tatsu-gt3ptko1el7teyb0\" ><div  class=\"tatsu-row \" ><div  class=\"tatsu-column  tatsu-bg-overlay tatsu-one-col tatsu-column-image-none tatsu-column-effect-none  tatsu-gt3ptko1hr8jklnc\"  data-parallax-speed=\"0\" style=\"\"><div class=\"tatsu-column-inner \" ><div class=\"tatsu-column-pad-wrap\"><div class=\"tatsu-column-pad\" ><div  class=\"tatsu-module tatsu-text-block-wrap tatsu-gt3ptko1k09qwt5  \"><div class=\"tatsu-text-inner tatsu-align-center  clearfix\" ><style>.tatsu-gt3ptko1k09qwt5.tatsu-text-block-wrap .tatsu-text-inner{width: 100%;text-align: center;padding: 0px 5px 0px 0px;}<\/style>\n<h5 style=\"text-align: center;\">Avant de d\u00e9buter une formation pour devenir pilote d&rsquo;h\u00e9licopt\u00e8re, nous vous conseillons d\u2019effectuer un vol d\u2019initiation au pilotage ou un stage. Ce premier contact avec la machine est l\u2019approche id\u00e9ale qui permet au stagiaire de se rendre compte rapidement du plaisir et de la finesse du pilotage. Ce premier vol pourra \u00eatre comptabilis\u00e9 par la suite dans votre formation. Le stage \u00ab Pilote d\u2019un jour \u00bb permet d\u2019aller plus loin que le vol d&rsquo;initiation et permet de s\u2019immerger le temps d\u2019une journ\u00e9e dans le monde l\u2019h\u00e9licopt\u00e8re.<\/h5>\n<\/div><\/div><\/div><\/div><div class = \"tatsu-column-bg-image-wrap\"><div class = \"tatsu-column-bg-image\" ><\/div><\/div><div class=\"tatsu-overlay tatsu-column-overlay tatsu-animate-none\" ><\/div><\/div><style>.tatsu-row > .tatsu-gt3ptko1hr8jklnc.tatsu-column{width: 100%;}.tatsu-gt3ptko1hr8jklnc.tatsu-column > .tatsu-column-inner > .tatsu-column-overlay{mix-blend-mode: normal;}.tatsu-gt3ptko1hr8jklnc > .tatsu-column-inner > .tatsu-top-divider{z-index: 9999;}.tatsu-gt3ptko1hr8jklnc > .tatsu-column-inner > .tatsu-bottom-divider{z-index: 9999;}.tatsu-gt3ptko1hr8jklnc > .tatsu-column-inner > .tatsu-left-divider{z-index: 9999;}.tatsu-gt3ptko1hr8jklnc > .tatsu-column-inner > .tatsu-right-divider{z-index: 9999;}@media only screen and (max-width:1377px) {.tatsu-row > .tatsu-gt3ptko1hr8jklnc.tatsu-column{width: 100%;}}@media only screen and (min-width:768px) and (max-width: 1024px) {.tatsu-row > .tatsu-gt3ptko1hr8jklnc.tatsu-column{width: 100%;}}@media only screen and (max-width: 767px) {.tatsu-row > .tatsu-gt3ptko1hr8jklnc.tatsu-column{width: 100%;}}<\/style><\/div><\/div><\/div><\/div><div class=\"tatsu-section-background-wrap\"><div class = \"tatsu-section-background\" ><\/div><\/div><div class=\"tatsu-overlay tatsu-section-overlay\"><\/div><style>.tatsu-gt3ptko1cb69dg88 .tatsu-section-pad{padding: 30px 0px 30px 0px;}.tatsu-gt3ptko1cb69dg88 .tatsu-section-offset-wrap{transform: translateY(-0px);}.tatsu-gt3ptko1cb69dg88 > .tatsu-bottom-divider{z-index: 9999;}.tatsu-gt3ptko1cb69dg88 > .tatsu-top-divider{z-index: 9999;}.tatsu-gt3ptko1cb69dg88 .tatsu-section-overlay{mix-blend-mode: normal;}<\/style><\/div><div  class=\"tatsu-gt3ptko098c9w6ht tatsu-section  tatsu-bg-overlay   tatsu-clearfix\" data-title=\"\"  data-headerscheme=\"background--dark\"><div class='tatsu-section-pad clearfix' data-padding='{\"d\":\"30px 0px 90px 0px\"}' data-padding-top='30px'><div class=\"tatsu-row-wrap  tatsu-wrap tatsu-row-one-col tatsu-row-has-one-cols tatsu-medium-gutter tatsu-reg-cols  tatsu-clearfix tatsu-gt3ptko0cw2g0eqc\" ><div  class=\"tatsu-row \" ><div  class=\"tatsu-column  tatsu-bg-overlay tatsu-one-col tatsu-column-image-none tatsu-column-effect-none  tatsu-gt3ptko0gj1896y2\"  data-parallax-speed=\"0\" style=\"\"><div class=\"tatsu-column-inner \" ><div class=\"tatsu-column-pad-wrap\"><div class=\"tatsu-column-pad\" ><div  class=\"tatsu-module tatsu-text-block-wrap tatsu-gt3ptko17oc0y7b9  \"><div class=\"tatsu-text-inner tatsu-align-center  clearfix\" ><style>.tatsu-gt3ptko17oc0y7b9.tatsu-text-block-wrap .tatsu-text-inner{width: 100%;text-align: left;color: rgba(186,169,127,1) ;border-style: solid;border-width: 3px 3px 0px 3px;border-color: rgba(186,169,127,1); }.tatsu-gt3ptko17oc0y7b9.tatsu-text-block-wrap{margin: 0px 0px 0px 0px;}.tatsu-gt3ptko17oc0y7b9 .tatsu-text-inner *{color: rgba(186,169,127,1) ;}<\/style>\n<h4 style=\"text-align: center;\">Vols d&rsquo;initiations au pilotage<\/h4>\n<\/div><\/div><div  class=\"tatsu-single-image tatsu-module tatsu-image-lazyload tatsu-external-image tatsu-gt3ptko19ha7r5u4  \" ><div class=\"tatsu-single-image-inner \" style=\"\" ><div class = \"tatsu-single-image-padding-wrap\" style = \"\" ><\/div><img class = \"tatsu-gradient-border\" data-src = \"https:\/\/fhato.net\/fr\/wp-content\/uploads\/sites\/2\/2021\/07\/Banniere-vol-dinitiation.png\" alt =\" \"  src =\"data:image\/png;base64,iVBORw0KGgoAAAANSUhEUgAAAAEAAAABCAQAAAC1HAwCAAAAC0lEQVR42mNkYAAAAAYAAjCB0C8AAAAASUVORK5CYII=\"  \/><\/div><style>.tatsu-gt3ptko19ha7r5u4{margin: 0px 0px 10px 0px;}.tatsu-gt3ptko19ha7r5u4 .tatsu-single-image-inner{border-style: solid;max-width: 100%;}.tatsu-gt3ptko19ha7r5u4.tatsu-single-image{transform: translate3d(0px,0px, 0);}<\/style><\/div><div  class=\"tatsu-module tatsu-normal-button tatsu-button-wrap align-block block-center  tatsu-gt3ptko1ar73cy9t   \"><a class=\"tatsu-shortcode x-largebtn tatsu-button left-icon rounded   bg-animation-none  \" href=\"https:\/\/fhato.net\/ch\/vol-dinitiation\/\" style= \"\"  aria-label=\"d\u00e9couvrir\" data-gdpr-atts={} >d\u00e9couvrir<\/a><style>.tatsu-gt3ptko1ar73cy9t .tatsu-button{background-color: rgba(186,169,127,1);color: #ffffff ;border-width: 3px;}.tatsu-gt3ptko1ar73cy9t .tatsu-button:hover{background-color: rgba(255,255,255,1);color: rgba(186,169,127,1) ;border-color: rgba(186,169,127,1); }<\/style><\/div><\/div><\/div><div class = \"tatsu-column-bg-image-wrap\"><div class = \"tatsu-column-bg-image\" ><\/div><\/div><div class=\"tatsu-overlay tatsu-column-overlay tatsu-animate-none\" ><\/div><\/div><style>.tatsu-row > .tatsu-gt3ptko0gj1896y2.tatsu-column{width: 100%;}.tatsu-gt3ptko0gj1896y2.tatsu-column > .tatsu-column-inner > .tatsu-column-overlay{mix-blend-mode: normal;}.tatsu-gt3ptko0gj1896y2 > .tatsu-column-inner > .tatsu-top-divider{z-index: 9999;}.tatsu-gt3ptko0gj1896y2 > .tatsu-column-inner > .tatsu-bottom-divider{z-index: 9999;}.tatsu-gt3ptko0gj1896y2 > .tatsu-column-inner > .tatsu-left-divider{z-index: 9999;}.tatsu-gt3ptko0gj1896y2 > .tatsu-column-inner > .tatsu-right-divider{z-index: 9999;}@media only screen and (max-width:1377px) {.tatsu-row > .tatsu-gt3ptko0gj1896y2.tatsu-column{width: 100%;}}@media only screen and (min-width:768px) and (max-width: 1024px) {.tatsu-row > .tatsu-gt3ptko0gj1896y2.tatsu-column{width: 100%;}}@media only screen and (max-width: 767px) {.tatsu-row > .tatsu-gt3ptko0gj1896y2.tatsu-column{width: 100%;}}<\/style><\/div><\/div><\/div><\/div><div class=\"tatsu-section-background-wrap\"><div class = \"tatsu-section-background\" ><\/div><\/div><div class=\"tatsu-overlay tatsu-section-overlay\"><\/div><style>.tatsu-gt3ptko098c9w6ht .tatsu-section-pad{padding: 30px 0px 90px 0px;}.tatsu-gt3ptko098c9w6ht .tatsu-section-offset-wrap{transform: translateY(-0px);}.tatsu-gt3ptko098c9w6ht > .tatsu-bottom-divider{z-index: 9999;}.tatsu-gt3ptko098c9w6ht > .tatsu-top-divider{z-index: 9999;}.tatsu-gt3ptko098c9w6ht .tatsu-section-overlay{mix-blend-mode: normal;}<\/style><\/div>\n","protected":false},"excerpt":{"rendered":"<p><a href=\"https:\/\/fhato.net\/ch\/premiers-pas\/\" class=\"more-link style1-button\">Read More<\/a><\/p>","protected":false},"author":1,"featured_media":0,"parent":0,"menu_order":0,"comment_status":"closed","ping_status":"closed","template":"","meta":{"footnotes":""},"class_list":["post-45","page","type-page","status-publish","hentry"],"yoast_head":"<!-- This site is optimized with the Yoast SEO plugin v26.7 - https:\/\/yoast.com\/wordpress\/plugins\/seo\/ -->\n<title>premiers pas - Fhato CH<\/title>\n<meta name=\"robots\" content=\"index, follow, max-snippet:-1, max-image-preview:large, max-video-preview:-1\" \/>\n<link rel=\"canonical\" href=\"https:\/\/fhato.net\/ch\/premiers-pas\/\" \/>\n<meta property=\"og:locale\" content=\"fr_FR\" \/>\n<meta property=\"og:type\" content=\"article\" \/>\n<meta property=\"og:title\" content=\"premiers pas - Fhato CH\" \/>\n<meta property=\"og:url\" content=\"https:\/\/fhato.net\/ch\/premiers-pas\/\" \/>\n<meta property=\"og:site_name\" content=\"Fhato CH\" \/>\n<meta property=\"article:modified_time\" content=\"2021-08-11T21:39:31+00:00\" \/>\n<meta name=\"twitter:card\" content=\"summary_large_image\" \/>\n<meta name=\"twitter:label1\" content=\"Dur\u00e9e de lecture estim\u00e9e\" \/>\n\t<meta name=\"twitter:data1\" content=\"11 minutes\" \/>\n<script type=\"application\/ld+json\" class=\"yoast-schema-graph\">{\"@context\":\"https:\/\/schema.org\",\"@graph\":[{\"@type\":\"WebPage\",\"@id\":\"https:\/\/fhato.net\/ch\/premiers-pas\/\",\"url\":\"https:\/\/fhato.net\/ch\/premiers-pas\/\",\"name\":\"premiers pas - Fhato CH\",\"isPartOf\":{\"@id\":\"https:\/\/fhato.net\/ch\/#website\"},\"datePublished\":\"2021-08-03T09:12:15+00:00\",\"dateModified\":\"2021-08-11T21:39:31+00:00\",\"breadcrumb\":{\"@id\":\"https:\/\/fhato.net\/ch\/premiers-pas\/#breadcrumb\"},\"inLanguage\":\"fr-FR\",\"potentialAction\":[{\"@type\":\"ReadAction\",\"target\":[\"https:\/\/fhato.net\/ch\/premiers-pas\/\"]}]},{\"@type\":\"BreadcrumbList\",\"@id\":\"https:\/\/fhato.net\/ch\/premiers-pas\/#breadcrumb\",\"itemListElement\":[{\"@type\":\"ListItem\",\"position\":1,\"name\":\"Accueil\",\"item\":\"https:\/\/fhato.net\/ch\/\"},{\"@type\":\"ListItem\",\"position\":2,\"name\":\"premiers pas\"}]},{\"@type\":\"WebSite\",\"@id\":\"https:\/\/fhato.net\/ch\/#website\",\"url\":\"https:\/\/fhato.net\/ch\/\",\"name\":\"Fhato CH\",\"description\":\"Votre \u00e9cole de pilotage\",\"publisher\":{\"@id\":\"https:\/\/fhato.net\/ch\/#organization\"},\"potentialAction\":[{\"@type\":\"SearchAction\",\"target\":{\"@type\":\"EntryPoint\",\"urlTemplate\":\"https:\/\/fhato.net\/ch\/?s={search_term_string}\"},\"query-input\":{\"@type\":\"PropertyValueSpecification\",\"valueRequired\":true,\"valueName\":\"search_term_string\"}}],\"inLanguage\":\"fr-FR\"},{\"@type\":\"Organization\",\"@id\":\"https:\/\/fhato.net\/ch\/#organization\",\"name\":\"Fhato CH\",\"url\":\"https:\/\/fhato.net\/ch\/\",\"logo\":{\"@type\":\"ImageObject\",\"inLanguage\":\"fr-FR\",\"@id\":\"https:\/\/fhato.net\/ch\/#\/schema\/logo\/image\/\",\"url\":\"https:\/\/fhato.net\/ch\/wp-content\/uploads\/sites\/3\/2021\/08\/fhato_162px.png\",\"contentUrl\":\"https:\/\/fhato.net\/ch\/wp-content\/uploads\/sites\/3\/2021\/08\/fhato_162px.png\",\"width\":162,\"height\":162,\"caption\":\"Fhato CH\"},\"image\":{\"@id\":\"https:\/\/fhato.net\/ch\/#\/schema\/logo\/image\/\"}}]}<\/script>\n<!-- \/ Yoast SEO plugin. -->","yoast_head_json":{"title":"premiers pas - Fhato CH","robots":{"index":"index","follow":"follow","max-snippet":"max-snippet:-1","max-image-preview":"max-image-preview:large","max-video-preview":"max-video-preview:-1"},"canonical":"https:\/\/fhato.net\/ch\/premiers-pas\/","og_locale":"fr_FR","og_type":"article","og_title":"premiers pas - Fhato CH","og_url":"https:\/\/fhato.net\/ch\/premiers-pas\/","og_site_name":"Fhato CH","article_modified_time":"2021-08-11T21:39:31+00:00","twitter_card":"summary_large_image","twitter_misc":{"Dur\u00e9e de lecture estim\u00e9e":"11 minutes"},"schema":{"@context":"https:\/\/schema.org","@graph":[{"@type":"WebPage","@id":"https:\/\/fhato.net\/ch\/premiers-pas\/","url":"https:\/\/fhato.net\/ch\/premiers-pas\/","name":"premiers pas - Fhato CH","isPartOf":{"@id":"https:\/\/fhato.net\/ch\/#website"},"datePublished":"2021-08-03T09:12:15+00:00","dateModified":"2021-08-11T21:39:31+00:00","breadcrumb":{"@id":"https:\/\/fhato.net\/ch\/premiers-pas\/#breadcrumb"},"inLanguage":"fr-FR","potentialAction":[{"@type":"ReadAction","target":["https:\/\/fhato.net\/ch\/premiers-pas\/"]}]},{"@type":"BreadcrumbList","@id":"https:\/\/fhato.net\/ch\/premiers-pas\/#breadcrumb","itemListElement":[{"@type":"ListItem","position":1,"name":"Accueil","item":"https:\/\/fhato.net\/ch\/"},{"@type":"ListItem","position":2,"name":"premiers pas"}]},{"@type":"WebSite","@id":"https:\/\/fhato.net\/ch\/#website","url":"https:\/\/fhato.net\/ch\/","name":"Fhato CH","description":"Votre \u00e9cole de pilotage","publisher":{"@id":"https:\/\/fhato.net\/ch\/#organization"},"potentialAction":[{"@type":"SearchAction","target":{"@type":"EntryPoint","urlTemplate":"https:\/\/fhato.net\/ch\/?s={search_term_string}"},"query-input":{"@type":"PropertyValueSpecification","valueRequired":true,"valueName":"search_term_string"}}],"inLanguage":"fr-FR"},{"@type":"Organization","@id":"https:\/\/fhato.net\/ch\/#organization","name":"Fhato CH","url":"https:\/\/fhato.net\/ch\/","logo":{"@type":"ImageObject","inLanguage":"fr-FR","@id":"https:\/\/fhato.net\/ch\/#\/schema\/logo\/image\/","url":"https:\/\/fhato.net\/ch\/wp-content\/uploads\/sites\/3\/2021\/08\/fhato_162px.png","contentUrl":"https:\/\/fhato.net\/ch\/wp-content\/uploads\/sites\/3\/2021\/08\/fhato_162px.png","width":162,"height":162,"caption":"Fhato CH"},"image":{"@id":"https:\/\/fhato.net\/ch\/#\/schema\/logo\/image\/"}}]}},"_links":{"self":[{"href":"https:\/\/fhato.net\/ch\/wp-json\/wp\/v2\/pages\/45","targetHints":{"allow":["GET"]}}],"collection":[{"href":"https:\/\/fhato.net\/ch\/wp-json\/wp\/v2\/pages"}],"about":[{"href":"https:\/\/fhato.net\/ch\/wp-json\/wp\/v2\/types\/page"}],"author":[{"embeddable":true,"href":"https:\/\/fhato.net\/ch\/wp-json\/wp\/v2\/users\/1"}],"replies":[{"embeddable":true,"href":"https:\/\/fhato.net\/ch\/wp-json\/wp\/v2\/comments?post=45"}],"version-history":[{"count":3,"href":"https:\/\/fhato.net\/ch\/wp-json\/wp\/v2\/pages\/45\/revisions"}],"predecessor-version":[{"id":135,"href":"https:\/\/fhato.net\/ch\/wp-json\/wp\/v2\/pages\/45\/revisions\/135"}],"wp:attachment":[{"href":"https:\/\/fhato.net\/ch\/wp-json\/wp\/v2\/media?parent=45"}],"curies":[{"name":"wp","href":"https:\/\/api.w.org\/{rel}","templated":true}]}}