{"id":156,"date":"2021-07-27T16:42:24","date_gmt":"2021-07-27T14:42:24","guid":{"rendered":"https:\/\/fhato.net\/fr\/?page_id=156"},"modified":"2023-10-04T10:26:43","modified_gmt":"2023-10-04T08:26:43","slug":"nos-bases-ecole","status":"publish","type":"page","link":"https:\/\/fhato.net\/fr\/nos-bases-ecole\/","title":{"rendered":"Nos bases \u00e9cole"},"content":{"rendered":"<div  class=\"tatsu-gsvw0zsxkc3745q5 tatsu-section  tatsu-bg-overlay   tatsu-clearfix\" data-title=\"\"  data-headerscheme=\"background--dark\"><div class='tatsu-section-pad clearfix' data-padding='{\"d\":\"30px 0px 30px 0px\"}' data-padding-top='30px'><div class=\"tatsu-row-wrap  tatsu-wrap tatsu-row-one-col tatsu-row-has-one-cols tatsu-medium-gutter tatsu-reg-cols  tatsu-clearfix tatsu-gsvw0zsxmm95z4x4\" ><div  class=\"tatsu-row \" ><div  class=\"tatsu-column  tatsu-bg-overlay tatsu-one-col tatsu-column-image-none tatsu-column-effect-none  tatsu-gsvw0zsxpo5qipng\"  data-parallax-speed=\"0\" style=\"\"><div class=\"tatsu-column-inner \" ><div class=\"tatsu-column-pad-wrap\"><div class=\"tatsu-column-pad\" ><div  class=\"tatsu-module tatsu-text-block-wrap tatsu-gsvw0zsxrvep60ow  \"><div class=\"tatsu-text-inner tatsu-align-center  clearfix\" ><style>.tatsu-gsvw0zsxrvep60ow.tatsu-text-block-wrap .tatsu-text-inner{width: 100%;text-align: left;color: rgba(255,255,255,1) ;}.tatsu-gsvw0zsxrvep60ow .tatsu-text-inner *{color: rgba(255,255,255,1) ;}@media only screen and (max-width: 767px) {.tatsu-gsvw0zsxrvep60ow.tatsu-text-block-wrap .tatsu-text-inner{width: 100%;text-align: left;}}<\/style>\n<h1 style=\"text-align: center;\">NOS BASES ECOLE<\/h1>\n<\/div><\/div><\/div><\/div><div class = \"tatsu-column-bg-image-wrap\"><div class = \"tatsu-column-bg-image\" ><\/div><\/div><div class=\"tatsu-overlay tatsu-column-overlay tatsu-animate-none\" ><\/div><\/div><style>.tatsu-row > .tatsu-gsvw0zsxpo5qipng.tatsu-column{width: 100%;}.tatsu-gsvw0zsxpo5qipng.tatsu-column > .tatsu-column-inner > .tatsu-column-overlay{mix-blend-mode: normal;}.tatsu-gsvw0zsxpo5qipng > .tatsu-column-inner > .tatsu-top-divider{z-index: 9999;}.tatsu-gsvw0zsxpo5qipng > .tatsu-column-inner > .tatsu-bottom-divider{z-index: 9999;}.tatsu-gsvw0zsxpo5qipng > .tatsu-column-inner > .tatsu-left-divider{z-index: 9999;}.tatsu-gsvw0zsxpo5qipng > .tatsu-column-inner > .tatsu-right-divider{z-index: 9999;}@media only screen and (max-width:1377px) {.tatsu-row > .tatsu-gsvw0zsxpo5qipng.tatsu-column{width: 100%;}}@media only screen and (min-width:768px) and (max-width: 1024px) {.tatsu-row > .tatsu-gsvw0zsxpo5qipng.tatsu-column{width: 100%;}}@media only screen and (max-width: 767px) {.tatsu-row > .tatsu-gsvw0zsxpo5qipng.tatsu-column{width: 100%;}}<\/style><\/div><\/div><\/div><\/div><div class=\"tatsu-section-background-wrap\"><div class = \"tatsu-section-background\" ><\/div><\/div><div class=\"tatsu-overlay tatsu-section-overlay\"><\/div><style>.tatsu-gsvw0zsxkc3745q5.tatsu-section{background-color: rgba(186,169,127,1);}.tatsu-gsvw0zsxkc3745q5 .tatsu-section-pad{padding: 30px 0px 30px 0px;}.tatsu-gsvw0zsxkc3745q5 .tatsu-section-offset-wrap{transform: translateY(-0px);}.tatsu-gsvw0zsxkc3745q5 > .tatsu-bottom-divider{z-index: 9999;}.tatsu-gsvw0zsxkc3745q5 > .tatsu-top-divider{z-index: 9999;}.tatsu-gsvw0zsxkc3745q5 .tatsu-section-overlay{mix-blend-mode: normal;}<\/style><\/div><div  class=\"tatsu-gsvw0zsxa9dlt5en tatsu-section  tatsu-bg-overlay   tatsu-clearfix\" data-title=\"\"  data-headerscheme=\"background--dark\"><div class='tatsu-section-pad clearfix' data-padding='{\"d\":\"30px 0px 30px 0px\"}' data-padding-top='30px'><div class=\"tatsu-row-wrap  tatsu-wrap tatsu-row-one-col tatsu-row-has-one-cols tatsu-medium-gutter tatsu-reg-cols  tatsu-clearfix tatsu-gsvw0zsxcr2b306p\" ><div  class=\"tatsu-row \" ><div  class=\"tatsu-column  tatsu-bg-overlay tatsu-one-col tatsu-column-image-none tatsu-column-effect-none  tatsu-gsvw0zsxfw2308uk\"  data-parallax-speed=\"0\" style=\"\"><div class=\"tatsu-column-inner \" ><div class=\"tatsu-column-pad-wrap\"><div class=\"tatsu-column-pad\" ><div  class=\"tatsu-module tatsu-text-block-wrap tatsu-gsvw0zsxi4ae2ifm  \"><div class=\"tatsu-text-inner tatsu-align-center  clearfix\" ><style>.tatsu-gsvw0zsxi4ae2ifm.tatsu-text-block-wrap .tatsu-text-inner{width: 100%;text-align: center;padding: 0px 5px 0px 0px;}<\/style>\n<h5 style=\"text-align: center;\">Notre pr\u00e9sence sur de nombreuses bases en France et en Suisse nous permet de vous proposer la formation la plus adapt\u00e9e \u00e0 vos besoins et la plus proche de vous !<br \/>\nD\u00e9couvrez toutes nos activit\u00e9s \u00e9coles sur nos diff\u00e9rentes bases : formations, qualifications, stages, initiation au pilotage&#8230; pour tous les go\u00fbts, tous les niveaux et tous les budgets.<\/h5>\n<h5 style=\"text-align: center;\">Grenoble, Annemasse, Gap pour les amoureux des montagnes.<\/h5>\n<h5 style=\"text-align: center;\">Paris si vous voyez les choses en grand, ou encore Sion et Gen\u00e8ve en Suisse si vous pr\u00e9f\u00e9rez l&rsquo;\u00e9tranger&#8230; nos instructeurs se feront un plaisir de vous recevoir et vous renseigner.<\/h5>\n<\/div><\/div><\/div><\/div><div class = \"tatsu-column-bg-image-wrap\"><div class = \"tatsu-column-bg-image\" ><\/div><\/div><div class=\"tatsu-overlay tatsu-column-overlay tatsu-animate-none\" ><\/div><\/div><style>.tatsu-row > .tatsu-gsvw0zsxfw2308uk.tatsu-column{width: 100%;}.tatsu-gsvw0zsxfw2308uk.tatsu-column > .tatsu-column-inner > .tatsu-column-overlay{mix-blend-mode: normal;}.tatsu-gsvw0zsxfw2308uk > .tatsu-column-inner > .tatsu-top-divider{z-index: 9999;}.tatsu-gsvw0zsxfw2308uk > .tatsu-column-inner > .tatsu-bottom-divider{z-index: 9999;}.tatsu-gsvw0zsxfw2308uk > .tatsu-column-inner > .tatsu-left-divider{z-index: 9999;}.tatsu-gsvw0zsxfw2308uk > .tatsu-column-inner > .tatsu-right-divider{z-index: 9999;}@media only screen and (max-width:1377px) {.tatsu-row > .tatsu-gsvw0zsxfw2308uk.tatsu-column{width: 100%;}}@media only screen and (min-width:768px) and (max-width: 1024px) {.tatsu-row > .tatsu-gsvw0zsxfw2308uk.tatsu-column{width: 100%;}}@media only screen and (max-width: 767px) {.tatsu-row > .tatsu-gsvw0zsxfw2308uk.tatsu-column{width: 100%;}}<\/style><\/div><\/div><\/div><\/div><div class=\"tatsu-section-background-wrap\"><div class = \"tatsu-section-background\" ><\/div><\/div><div class=\"tatsu-overlay tatsu-section-overlay\"><\/div><style>.tatsu-gsvw0zsxa9dlt5en .tatsu-section-pad{padding: 30px 0px 30px 0px;}.tatsu-gsvw0zsxa9dlt5en .tatsu-section-offset-wrap{transform: translateY(-0px);}.tatsu-gsvw0zsxa9dlt5en > .tatsu-bottom-divider{z-index: 9999;}.tatsu-gsvw0zsxa9dlt5en > .tatsu-top-divider{z-index: 9999;}.tatsu-gsvw0zsxa9dlt5en .tatsu-section-overlay{mix-blend-mode: normal;}<\/style><\/div><div  class=\"tatsu-gsvw0zsuqzg6bt2a tatsu-section  tatsu-bg-overlay   tatsu-clearfix\" data-title=\"\"  data-headerscheme=\"background--dark\"><div class='tatsu-section-pad clearfix' data-padding='{\"d\":\"40px 0px 20px 0px\"}' data-padding-top='40px'><div class=\"tatsu-row-wrap  tatsu-wrap tatsu-row-one-col tatsu-row-has-one-cols tatsu-medium-gutter tatsu-reg-cols  tatsu-clearfix tatsu-gsvw0zsutm6y5jsc\" ><div  class=\"tatsu-row \" ><div  class=\"tatsu-column  tatsu-bg-overlay tatsu-one-col tatsu-column-image-none tatsu-column-effect-none  tatsu-gsvw0zsuwog1j6qz\"  data-parallax-speed=\"0\" style=\"\"><div class=\"tatsu-column-inner \" ><div class=\"tatsu-column-pad-wrap\"><div class=\"tatsu-column-pad\" ><div  class=\"tatsu-module tatsu-divider-wrap  tatsu-S1HP8SdkK   \"  ><style>.tatsu-S1HP8SdkK .tatsu-divider{height: 5px;width: 100%;background: rgba(186,169,127,1);}.tatsu-S1HP8SdkK.tatsu-divider-wrap{text-align: left;}<\/style><hr class=\"tatsu-divider\"\/><\/div><\/div><\/div><div class = \"tatsu-column-bg-image-wrap\"><div class = \"tatsu-column-bg-image\" ><\/div><\/div><div class=\"tatsu-overlay tatsu-column-overlay tatsu-animate-none\" ><\/div><\/div><style>.tatsu-row > .tatsu-gsvw0zsuwog1j6qz.tatsu-column{width: 100%;}.tatsu-gsvw0zsuwog1j6qz.tatsu-column > .tatsu-column-inner > .tatsu-column-overlay{mix-blend-mode: normal;}.tatsu-gsvw0zsuwog1j6qz > .tatsu-column-inner > .tatsu-top-divider{z-index: 9999;}.tatsu-gsvw0zsuwog1j6qz > .tatsu-column-inner > .tatsu-bottom-divider{z-index: 9999;}.tatsu-gsvw0zsuwog1j6qz > .tatsu-column-inner > .tatsu-left-divider{z-index: 9999;}.tatsu-gsvw0zsuwog1j6qz > .tatsu-column-inner > .tatsu-right-divider{z-index: 9999;}@media only screen and (max-width:1377px) {.tatsu-row > .tatsu-gsvw0zsuwog1j6qz.tatsu-column{width: 100%;}}@media only screen and (min-width:768px) and (max-width: 1024px) {.tatsu-row > .tatsu-gsvw0zsuwog1j6qz.tatsu-column{width: 100%;}}@media only screen and (max-width: 767px) {.tatsu-row > .tatsu-gsvw0zsuwog1j6qz.tatsu-column{width: 100%;}}<\/style><\/div><\/div><\/div><\/div><div class=\"tatsu-section-background-wrap\"><div class = \"tatsu-section-background\" ><\/div><\/div><div class=\"tatsu-overlay tatsu-section-overlay\"><\/div><style>.tatsu-gsvw0zsuqzg6bt2a .tatsu-section-pad{padding: 40px 0px 20px 0px;}.tatsu-gsvw0zsuqzg6bt2a .tatsu-section-offset-wrap{transform: translateY(-0px);}.tatsu-gsvw0zsuqzg6bt2a > .tatsu-bottom-divider{z-index: 9999;}.tatsu-gsvw0zsuqzg6bt2a > .tatsu-top-divider{z-index: 9999;}.tatsu-gsvw0zsuqzg6bt2a .tatsu-section-overlay{mix-blend-mode: normal;}<\/style><\/div><div  class=\"tatsu-gsvw0zsu3yf97fle tatsu-section  tatsu-bg-overlay   tatsu-clearfix\" data-title=\"\"  data-headerscheme=\"background--dark\"><div class='tatsu-section-pad clearfix' data-padding='{\"d\":\"10px 0px 84px 0px\"}' data-padding-top='10px'><div class=\"tatsu-row-wrap  tatsu-wrap tatsu-row-one-col tatsu-row-has-one-cols tatsu-medium-gutter tatsu-reg-cols  tatsu-clearfix tatsu-gsvw0zsu6s2ib5ib\" ><div  class=\"tatsu-row \" ><div  class=\"tatsu-column  tatsu-bg-overlay tatsu-one-col tatsu-column-image-none tatsu-column-effect-none  tatsu-gsvw0zsua960bdse\"  data-parallax-speed=\"0\" style=\"\"><div class=\"tatsu-column-inner \" ><div class=\"tatsu-column-pad-wrap\"><div class=\"tatsu-column-pad\" ><div  class=\"tatsu-module tatsu-button-group align-center tatsu-gsvw0zsucj3l4z6c  \"  ><div  class=\"tatsu-module tatsu-normal-button tatsu-button-wrap   tatsu-gsvw0zsufj9n045q   \"><a class=\"tatsu-shortcode largebtn tatsu-button left-icon rounded   bg-animation-none  \" href=\"https:\/\/fhato.net\/fr\/grenoble\/\" style= \"\"  aria-label=\"Grenoble\" data-gdpr-atts={} >Grenoble<\/a><style>.tatsu-gsvw0zsufj9n045q .tatsu-button:hover{background-color: rgba(186,169,127,1);color: rgba(255,255,255,1) ;}.tatsu-gsvw0zsufj9n045q .tatsu-button{color: rgba(186,169,127,1) ;border-width: 3px;border-color: rgba(186,169,127,1); }<\/style><\/div><div  class=\"tatsu-module tatsu-normal-button tatsu-button-wrap   tatsu-gsvw0zsuio9tbvop   \"><a class=\"tatsu-shortcode largebtn tatsu-button left-icon rounded   bg-animation-none  \" href=\"https:\/\/fhato.net\/fr\/paris-toussus\/\" style= \"\"  aria-label=\"Paris\" data-gdpr-atts={} >Paris<\/a><style>.tatsu-gsvw0zsuio9tbvop .tatsu-button:hover{background-color: rgba(186,169,127,1);color: rgba(255,255,255,1) ;}.tatsu-gsvw0zsuio9tbvop .tatsu-button{color: rgba(186,169,127,1) ;border-width: 3px;border-color: rgba(186,169,127,1); }<\/style><\/div><div  class=\"tatsu-module tatsu-normal-button tatsu-button-wrap   tatsu-gsvw0zsuho8v04nt   \"><a class=\"tatsu-shortcode largebtn tatsu-button left-icon rounded   bg-animation-none  \" href=\"https:\/\/fhato.net\/fr\/gap\/\" style= \"\"  aria-label=\"gap\" data-gdpr-atts={} >gap<\/a><style>.tatsu-gsvw0zsuho8v04nt .tatsu-button:hover{background-color: rgba(186,169,127,1);color: rgba(255,255,255,1) ;}.tatsu-gsvw0zsuho8v04nt .tatsu-button{color: rgba(186,169,127,1) ;border-width: 3px;border-color: rgba(186,169,127,1); }<\/style><\/div><div  class=\"tatsu-module tatsu-normal-button tatsu-button-wrap   tatsu-r1GCFZv9o   \"><a class=\"tatsu-shortcode largebtn tatsu-button left-icon rounded   bg-animation-none  \" href=\"https:\/\/fhato.net\/fr\/annemasse\/\" style= \"\"  aria-label=\"Annemasse\" data-gdpr-atts={} >Annemasse<\/a><style>.tatsu-r1GCFZv9o .tatsu-button:hover{background-color: rgba(186,169,127,1);color: rgba(255,255,255,1) ;}.tatsu-r1GCFZv9o .tatsu-button{color: rgba(186,169,127,1) ;border-width: 3px;border-color: rgba(186,169,127,1); }<\/style><\/div><div  class=\"tatsu-module tatsu-normal-button tatsu-button-wrap   tatsu-BycWcbDqs   \"><a class=\"tatsu-shortcode largebtn tatsu-button left-icon rounded   bg-animation-none  \" href=\"https:\/\/swiftcopters.ch\/\" style= \"\"  aria-label=\"Geneve\" data-gdpr-atts={} >Geneve<\/a><style>.tatsu-BycWcbDqs .tatsu-button:hover{background-color: rgba(186,169,127,1);color: rgba(255,255,255,1) ;}.tatsu-BycWcbDqs .tatsu-button{color: rgba(186,169,127,1) ;border-width: 3px;border-color: rgba(186,169,127,1); }<\/style><\/div><div  class=\"tatsu-module tatsu-normal-button tatsu-button-wrap   tatsu-ryhm5WPcj   \"><a class=\"tatsu-shortcode largebtn tatsu-button left-icon rounded   bg-animation-none  \" href=\"http:\/\/www.eaglevalais.ch\/\" style= \"\"  aria-label=\"Sion\" data-gdpr-atts={} >Sion<\/a><style>.tatsu-ryhm5WPcj .tatsu-button:hover{background-color: rgba(186,169,127,1);color: rgba(255,255,255,1) ;}.tatsu-ryhm5WPcj .tatsu-button{color: rgba(186,169,127,1) ;border-width: 3px;border-color: rgba(186,169,127,1); }<\/style><\/div><div  class=\"tatsu-module tatsu-normal-button tatsu-button-wrap   tatsu-HJcuPXass   \"><a class=\"tatsu-shortcode largebtn tatsu-button left-icon rounded   bg-animation-none  \" href=\"https:\/\/heligo.aero\/fr\/\" style= \"\"  aria-label=\"Autres Bases\" data-gdpr-atts={} >Autres Bases<\/a><style>.tatsu-HJcuPXass .tatsu-button:hover{background-color: rgba(186,169,127,1);color: rgba(255,255,255,1) ;}.tatsu-HJcuPXass .tatsu-button{color: rgba(186,169,127,1) ;border-width: 3px;border-color: rgba(186,169,127,1); }<\/style><\/div><\/div><style>.tatsu-gsvw0zsucj3l4z6c.tatsu-button-group{margin: 0px 0px 20px 0px;}<\/style><\/div><\/div><div class = \"tatsu-column-bg-image-wrap\"><div class = \"tatsu-column-bg-image\" ><\/div><\/div><div class=\"tatsu-overlay tatsu-column-overlay tatsu-animate-none\" ><\/div><\/div><style>.tatsu-row > .tatsu-gsvw0zsua960bdse.tatsu-column{width: 100%;}.tatsu-gsvw0zsua960bdse.tatsu-column > .tatsu-column-inner > .tatsu-column-overlay{mix-blend-mode: normal;}.tatsu-gsvw0zsua960bdse > .tatsu-column-inner > .tatsu-top-divider{z-index: 9999;}.tatsu-gsvw0zsua960bdse > .tatsu-column-inner > .tatsu-bottom-divider{z-index: 9999;}.tatsu-gsvw0zsua960bdse > .tatsu-column-inner > .tatsu-left-divider{z-index: 9999;}.tatsu-gsvw0zsua960bdse > .tatsu-column-inner > .tatsu-right-divider{z-index: 9999;}@media only screen and (max-width:1377px) {.tatsu-row > .tatsu-gsvw0zsua960bdse.tatsu-column{width: 100%;}}@media only screen and (min-width:768px) and (max-width: 1024px) {.tatsu-row > .tatsu-gsvw0zsua960bdse.tatsu-column{width: 100%;}}@media only screen and (max-width: 767px) {.tatsu-row > .tatsu-gsvw0zsua960bdse.tatsu-column{width: 100%;}}<\/style><\/div><\/div><\/div><\/div><div class=\"tatsu-section-background-wrap\"><div class = \"tatsu-section-background\" ><\/div><\/div><div class=\"tatsu-overlay tatsu-section-overlay\"><\/div><style>.tatsu-gsvw0zsu3yf97fle .tatsu-section-pad{padding: 10px 0px 84px 0px;}.tatsu-gsvw0zsu3yf97fle .tatsu-section-offset-wrap{transform: translateY(-0px);}.tatsu-gsvw0zsu3yf97fle > .tatsu-bottom-divider{z-index: 9999;}.tatsu-gsvw0zsu3yf97fle > .tatsu-top-divider{z-index: 9999;}.tatsu-gsvw0zsu3yf97fle .tatsu-section-overlay{mix-blend-mode: normal;}<\/style><\/div>\n","protected":false},"excerpt":{"rendered":"<p><a href=\"https:\/\/fhato.net\/fr\/nos-bases-ecole\/\" class=\"more-link style1-button\">Read More<\/a><\/p>","protected":false},"author":1,"featured_media":0,"parent":0,"menu_order":0,"comment_status":"closed","ping_status":"closed","template":"","meta":{"footnotes":""},"class_list":["post-156","page","type-page","status-publish","hentry"],"yoast_head":"<!-- This site is optimized with the Yoast SEO plugin v26.7 - https:\/\/yoast.com\/wordpress\/plugins\/seo\/ -->\n<title>Fhato FR - Nos bases \u00e9cole<\/title>\n<meta name=\"description\" content=\"D\u00e9couvrez les bases \u00e9cole de notre \u00e9cole de pilotage d&#039;h\u00e9licopt\u00e8re FHATO Flight Training Center : Grenoble, Gap, Paris, Annemasse..\" \/>\n<meta name=\"robots\" content=\"index, follow, max-snippet:-1, max-image-preview:large, max-video-preview:-1\" \/>\n<link rel=\"canonical\" href=\"https:\/\/fhato.net\/fr\/nos-bases-ecole\/\" \/>\n<meta property=\"og:locale\" content=\"fr_FR\" \/>\n<meta property=\"og:type\" content=\"article\" \/>\n<meta property=\"og:title\" content=\"Fhato FR - Nos bases \u00e9cole\" \/>\n<meta property=\"og:description\" content=\"D\u00e9couvrez les bases \u00e9cole de notre \u00e9cole de pilotage d&#039;h\u00e9licopt\u00e8re FHATO Flight Training Center : Grenoble, Gap, Paris, Annemasse..\" \/>\n<meta property=\"og:url\" content=\"https:\/\/fhato.net\/fr\/nos-bases-ecole\/\" \/>\n<meta property=\"og:site_name\" content=\"Fhato FR\" \/>\n<meta property=\"article:modified_time\" content=\"2023-10-04T08:26:43+00:00\" \/>\n<meta property=\"og:image\" content=\"https:\/\/fhato.net\/fr\/wp-content\/uploads\/sites\/2\/2021\/07\/Banniere-Annemasse-2-1024x683.png\" \/>\n\t<meta property=\"og:image:width\" content=\"1024\" \/>\n\t<meta property=\"og:image:height\" content=\"683\" \/>\n\t<meta property=\"og:image:type\" content=\"image\/png\" \/>\n<meta name=\"twitter:card\" content=\"summary_large_image\" \/>\n<meta name=\"twitter:label1\" content=\"Dur\u00e9e de lecture estim\u00e9e\" \/>\n\t<meta name=\"twitter:data1\" content=\"10 minutes\" \/>\n<script type=\"application\/ld+json\" class=\"yoast-schema-graph\">{\"@context\":\"https:\/\/schema.org\",\"@graph\":[{\"@type\":\"Article\",\"@id\":\"https:\/\/fhato.net\/fr\/nos-bases-ecole\/#article\",\"isPartOf\":{\"@id\":\"https:\/\/fhato.net\/fr\/nos-bases-ecole\/\"},\"author\":{\"name\":\"Sebastien\",\"@id\":\"https:\/\/fhato.net\/fr\/#\/schema\/person\/702e95a27d95bb6f98621317d3c3f316\"},\"headline\":\"Nos bases \u00e9cole\",\"datePublished\":\"2021-07-27T14:42:24+00:00\",\"dateModified\":\"2023-10-04T08:26:43+00:00\",\"mainEntityOfPage\":{\"@id\":\"https:\/\/fhato.net\/fr\/nos-bases-ecole\/\"},\"wordCount\":3013,\"publisher\":{\"@id\":\"https:\/\/fhato.net\/fr\/#organization\"},\"inLanguage\":\"fr-FR\"},{\"@type\":\"WebPage\",\"@id\":\"https:\/\/fhato.net\/fr\/nos-bases-ecole\/\",\"url\":\"https:\/\/fhato.net\/fr\/nos-bases-ecole\/\",\"name\":\"Fhato FR - Nos bases \u00e9cole\",\"isPartOf\":{\"@id\":\"https:\/\/fhato.net\/fr\/#website\"},\"datePublished\":\"2021-07-27T14:42:24+00:00\",\"dateModified\":\"2023-10-04T08:26:43+00:00\",\"description\":\"D\u00e9couvrez les bases \u00e9cole de notre \u00e9cole de pilotage d'h\u00e9licopt\u00e8re FHATO Flight Training Center : Grenoble, Gap, Paris, Annemasse..\",\"breadcrumb\":{\"@id\":\"https:\/\/fhato.net\/fr\/nos-bases-ecole\/#breadcrumb\"},\"inLanguage\":\"fr-FR\",\"potentialAction\":[{\"@type\":\"ReadAction\",\"target\":[\"https:\/\/fhato.net\/fr\/nos-bases-ecole\/\"]}]},{\"@type\":\"BreadcrumbList\",\"@id\":\"https:\/\/fhato.net\/fr\/nos-bases-ecole\/#breadcrumb\",\"itemListElement\":[{\"@type\":\"ListItem\",\"position\":1,\"name\":\"Accueil\",\"item\":\"https:\/\/fhato.net\/fr\/\"},{\"@type\":\"ListItem\",\"position\":2,\"name\":\"Nos bases \u00e9cole\"}]},{\"@type\":\"WebSite\",\"@id\":\"https:\/\/fhato.net\/fr\/#website\",\"url\":\"https:\/\/fhato.net\/fr\/\",\"name\":\"Fhato FR\",\"description\":\"Ecole de pilotage h\u00e9licopt\u00e8re en France et en Suisse\",\"publisher\":{\"@id\":\"https:\/\/fhato.net\/fr\/#organization\"},\"potentialAction\":[{\"@type\":\"SearchAction\",\"target\":{\"@type\":\"EntryPoint\",\"urlTemplate\":\"https:\/\/fhato.net\/fr\/?s={search_term_string}\"},\"query-input\":{\"@type\":\"PropertyValueSpecification\",\"valueRequired\":true,\"valueName\":\"search_term_string\"}}],\"inLanguage\":\"fr-FR\"},{\"@type\":\"Organization\",\"@id\":\"https:\/\/fhato.net\/fr\/#organization\",\"name\":\"Fhato FR\",\"url\":\"https:\/\/fhato.net\/fr\/\",\"logo\":{\"@type\":\"ImageObject\",\"inLanguage\":\"fr-FR\",\"@id\":\"https:\/\/fhato.net\/fr\/#\/schema\/logo\/image\/\",\"url\":\"https:\/\/fhato.net\/fr\/wp-content\/uploads\/sites\/2\/2022\/06\/logo_fhato_2022_Noir.png\",\"contentUrl\":\"https:\/\/fhato.net\/fr\/wp-content\/uploads\/sites\/2\/2022\/06\/logo_fhato_2022_Noir.png\",\"width\":300,\"height\":300,\"caption\":\"Fhato FR\"},\"image\":{\"@id\":\"https:\/\/fhato.net\/fr\/#\/schema\/logo\/image\/\"}},{\"@type\":\"Person\",\"@id\":\"https:\/\/fhato.net\/fr\/#\/schema\/person\/702e95a27d95bb6f98621317d3c3f316\",\"name\":\"Sebastien\",\"image\":{\"@type\":\"ImageObject\",\"inLanguage\":\"fr-FR\",\"@id\":\"https:\/\/fhato.net\/fr\/#\/schema\/person\/image\/\",\"url\":\"https:\/\/secure.gravatar.com\/avatar\/05fe43bc1f990571582b80e8c68391f59a6f84b79144b2c50f9c65afba2cce86?s=96&d=mm&r=g\",\"contentUrl\":\"https:\/\/secure.gravatar.com\/avatar\/05fe43bc1f990571582b80e8c68391f59a6f84b79144b2c50f9c65afba2cce86?s=96&d=mm&r=g\",\"caption\":\"Sebastien\"},\"description\":\"Sebastien Roberto Hartmann\",\"sameAs\":[\"https:\/\/fhato.net\"],\"url\":\"https:\/\/fhato.net\/fr\/author\/alexandre\/\"}]}<\/script>\n<!-- \/ Yoast SEO plugin. -->","yoast_head_json":{"title":"Fhato FR - Nos bases \u00e9cole","description":"D\u00e9couvrez les bases \u00e9cole de notre \u00e9cole de pilotage d'h\u00e9licopt\u00e8re FHATO Flight Training Center : Grenoble, Gap, Paris, Annemasse..","robots":{"index":"index","follow":"follow","max-snippet":"max-snippet:-1","max-image-preview":"max-image-preview:large","max-video-preview":"max-video-preview:-1"},"canonical":"https:\/\/fhato.net\/fr\/nos-bases-ecole\/","og_locale":"fr_FR","og_type":"article","og_title":"Fhato FR - Nos bases \u00e9cole","og_description":"D\u00e9couvrez les bases \u00e9cole de notre \u00e9cole de pilotage d'h\u00e9licopt\u00e8re FHATO Flight Training Center : Grenoble, Gap, Paris, Annemasse..","og_url":"https:\/\/fhato.net\/fr\/nos-bases-ecole\/","og_site_name":"Fhato FR","article_modified_time":"2023-10-04T08:26:43+00:00","og_image":[{"width":1024,"height":683,"url":"https:\/\/fhato.net\/fr\/wp-content\/uploads\/sites\/2\/2021\/07\/Banniere-Annemasse-2-1024x683.png","type":"image\/png"}],"twitter_card":"summary_large_image","twitter_misc":{"Dur\u00e9e de lecture estim\u00e9e":"10 minutes"},"schema":{"@context":"https:\/\/schema.org","@graph":[{"@type":"Article","@id":"https:\/\/fhato.net\/fr\/nos-bases-ecole\/#article","isPartOf":{"@id":"https:\/\/fhato.net\/fr\/nos-bases-ecole\/"},"author":{"name":"Sebastien","@id":"https:\/\/fhato.net\/fr\/#\/schema\/person\/702e95a27d95bb6f98621317d3c3f316"},"headline":"Nos bases \u00e9cole","datePublished":"2021-07-27T14:42:24+00:00","dateModified":"2023-10-04T08:26:43+00:00","mainEntityOfPage":{"@id":"https:\/\/fhato.net\/fr\/nos-bases-ecole\/"},"wordCount":3013,"publisher":{"@id":"https:\/\/fhato.net\/fr\/#organization"},"inLanguage":"fr-FR"},{"@type":"WebPage","@id":"https:\/\/fhato.net\/fr\/nos-bases-ecole\/","url":"https:\/\/fhato.net\/fr\/nos-bases-ecole\/","name":"Fhato FR - Nos bases \u00e9cole","isPartOf":{"@id":"https:\/\/fhato.net\/fr\/#website"},"datePublished":"2021-07-27T14:42:24+00:00","dateModified":"2023-10-04T08:26:43+00:00","description":"D\u00e9couvrez les bases \u00e9cole de notre \u00e9cole de pilotage d'h\u00e9licopt\u00e8re FHATO Flight Training Center : Grenoble, Gap, Paris, Annemasse..","breadcrumb":{"@id":"https:\/\/fhato.net\/fr\/nos-bases-ecole\/#breadcrumb"},"inLanguage":"fr-FR","potentialAction":[{"@type":"ReadAction","target":["https:\/\/fhato.net\/fr\/nos-bases-ecole\/"]}]},{"@type":"BreadcrumbList","@id":"https:\/\/fhato.net\/fr\/nos-bases-ecole\/#breadcrumb","itemListElement":[{"@type":"ListItem","position":1,"name":"Accueil","item":"https:\/\/fhato.net\/fr\/"},{"@type":"ListItem","position":2,"name":"Nos bases \u00e9cole"}]},{"@type":"WebSite","@id":"https:\/\/fhato.net\/fr\/#website","url":"https:\/\/fhato.net\/fr\/","name":"Fhato FR","description":"Ecole de pilotage h\u00e9licopt\u00e8re en France et en Suisse","publisher":{"@id":"https:\/\/fhato.net\/fr\/#organization"},"potentialAction":[{"@type":"SearchAction","target":{"@type":"EntryPoint","urlTemplate":"https:\/\/fhato.net\/fr\/?s={search_term_string}"},"query-input":{"@type":"PropertyValueSpecification","valueRequired":true,"valueName":"search_term_string"}}],"inLanguage":"fr-FR"},{"@type":"Organization","@id":"https:\/\/fhato.net\/fr\/#organization","name":"Fhato FR","url":"https:\/\/fhato.net\/fr\/","logo":{"@type":"ImageObject","inLanguage":"fr-FR","@id":"https:\/\/fhato.net\/fr\/#\/schema\/logo\/image\/","url":"https:\/\/fhato.net\/fr\/wp-content\/uploads\/sites\/2\/2022\/06\/logo_fhato_2022_Noir.png","contentUrl":"https:\/\/fhato.net\/fr\/wp-content\/uploads\/sites\/2\/2022\/06\/logo_fhato_2022_Noir.png","width":300,"height":300,"caption":"Fhato FR"},"image":{"@id":"https:\/\/fhato.net\/fr\/#\/schema\/logo\/image\/"}},{"@type":"Person","@id":"https:\/\/fhato.net\/fr\/#\/schema\/person\/702e95a27d95bb6f98621317d3c3f316","name":"Sebastien","image":{"@type":"ImageObject","inLanguage":"fr-FR","@id":"https:\/\/fhato.net\/fr\/#\/schema\/person\/image\/","url":"https:\/\/secure.gravatar.com\/avatar\/05fe43bc1f990571582b80e8c68391f59a6f84b79144b2c50f9c65afba2cce86?s=96&d=mm&r=g","contentUrl":"https:\/\/secure.gravatar.com\/avatar\/05fe43bc1f990571582b80e8c68391f59a6f84b79144b2c50f9c65afba2cce86?s=96&d=mm&r=g","caption":"Sebastien"},"description":"Sebastien Roberto Hartmann","sameAs":["https:\/\/fhato.net"],"url":"https:\/\/fhato.net\/fr\/author\/alexandre\/"}]}},"_links":{"self":[{"href":"https:\/\/fhato.net\/fr\/wp-json\/wp\/v2\/pages\/156","targetHints":{"allow":["GET"]}}],"collection":[{"href":"https:\/\/fhato.net\/fr\/wp-json\/wp\/v2\/pages"}],"about":[{"href":"https:\/\/fhato.net\/fr\/wp-json\/wp\/v2\/types\/page"}],"author":[{"embeddable":true,"href":"https:\/\/fhato.net\/fr\/wp-json\/wp\/v2\/users\/1"}],"replies":[{"embeddable":true,"href":"https:\/\/fhato.net\/fr\/wp-json\/wp\/v2\/comments?post=156"}],"version-history":[{"count":25,"href":"https:\/\/fhato.net\/fr\/wp-json\/wp\/v2\/pages\/156\/revisions"}],"predecessor-version":[{"id":2505,"href":"https:\/\/fhato.net\/fr\/wp-json\/wp\/v2\/pages\/156\/revisions\/2505"}],"wp:attachment":[{"href":"https:\/\/fhato.net\/fr\/wp-json\/wp\/v2\/media?parent=156"}],"curies":[{"name":"wp","href":"https:\/\/api.w.org\/{rel}","templated":true}]}}