{"id":3425,"date":"2026-01-13T07:55:09","date_gmt":"2026-01-13T06:55:09","guid":{"rendered":"https:\/\/fhato.net\/fr\/?page_id=3425"},"modified":"2026-01-13T10:05:12","modified_gmt":"2026-01-13T09:05:12","slug":"info-handi","status":"publish","type":"page","link":"https:\/\/fhato.net\/fr\/info-handi\/","title":{"rendered":"Info Handicap"},"content":{"rendered":"<div  class=\"tatsu-gsr7c564bqfgqmsw tatsu-section  tatsu-bg-overlay   tatsu-clearfix\" data-title=\"\"  data-headerscheme=\"background--dark\"><div class='tatsu-section-pad clearfix' data-padding='{\"d\":\"30px 0px 30px 0px\"}' data-padding-top='30px'><div class=\"tatsu-row-wrap  tatsu-wrap tatsu-row-one-col tatsu-row-has-one-cols tatsu-medium-gutter tatsu-reg-cols  tatsu-clearfix tatsu-gsr7c564fu9edk58\" ><div  class=\"tatsu-row \" ><div  class=\"tatsu-column  tatsu-bg-overlay tatsu-one-col tatsu-column-image-none tatsu-column-effect-none  tatsu-gsr7c564lh4bby3r\"  data-parallax-speed=\"0\" style=\"\"><div class=\"tatsu-column-inner \" ><div class=\"tatsu-column-pad-wrap\"><div class=\"tatsu-column-pad\" ><div  class=\"tatsu-module tatsu-text-block-wrap tatsu-gsr7c564pcmexnx  \"><div class=\"tatsu-text-inner tatsu-align-center  clearfix\" ><style>.tatsu-gsr7c564pcmexnx.tatsu-text-block-wrap .tatsu-text-inner{width: 100%;text-align: left;color: rgba(255,255,255,1) ;}.tatsu-gsr7c564pcmexnx .tatsu-text-inner *{color: rgba(255,255,255,1) ;}@media only screen and (max-width: 767px) {.tatsu-gsr7c564pcmexnx.tatsu-text-block-wrap .tatsu-text-inner{width: 100%;text-align: left;}}<\/style>\n<h1 style=\"text-align: center;\">INFO HANDICAP<\/h1>\n<\/div><\/div><\/div><\/div><div class = \"tatsu-column-bg-image-wrap\"><div class = \"tatsu-column-bg-image\" ><\/div><\/div><div class=\"tatsu-overlay tatsu-column-overlay tatsu-animate-none\" ><\/div><\/div><style>.tatsu-row > .tatsu-gsr7c564lh4bby3r.tatsu-column{width: 100%;}.tatsu-gsr7c564lh4bby3r.tatsu-column > .tatsu-column-inner > .tatsu-column-overlay{mix-blend-mode: normal;}.tatsu-gsr7c564lh4bby3r > .tatsu-column-inner > .tatsu-top-divider{z-index: 9999;}.tatsu-gsr7c564lh4bby3r > .tatsu-column-inner > .tatsu-bottom-divider{z-index: 9999;}.tatsu-gsr7c564lh4bby3r > .tatsu-column-inner > .tatsu-left-divider{z-index: 9999;}.tatsu-gsr7c564lh4bby3r > .tatsu-column-inner > .tatsu-right-divider{z-index: 9999;}@media only screen and (max-width:1377px) {.tatsu-row > .tatsu-gsr7c564lh4bby3r.tatsu-column{width: 100%;}}@media only screen and (min-width:768px) and (max-width: 1024px) {.tatsu-row > .tatsu-gsr7c564lh4bby3r.tatsu-column{width: 100%;}}@media only screen and (max-width: 767px) {.tatsu-row > .tatsu-gsr7c564lh4bby3r.tatsu-column{width: 100%;}}<\/style><\/div><\/div><\/div><\/div><div class=\"tatsu-section-background-wrap\"><div class = \"tatsu-section-background\" ><\/div><\/div><div class=\"tatsu-overlay tatsu-section-overlay\"><\/div><style>.tatsu-gsr7c564bqfgqmsw.tatsu-section{background-color: rgba(186,169,127,1);}.tatsu-gsr7c564bqfgqmsw .tatsu-section-pad{padding: 30px 0px 30px 0px;}.tatsu-gsr7c564bqfgqmsw .tatsu-section-offset-wrap{transform: translateY(-0px);}.tatsu-gsr7c564bqfgqmsw > .tatsu-bottom-divider{z-index: 9999;}.tatsu-gsr7c564bqfgqmsw > .tatsu-top-divider{z-index: 9999;}.tatsu-gsr7c564bqfgqmsw .tatsu-section-overlay{mix-blend-mode: normal;}<\/style><\/div><div  class=\"tatsu-r1-U3nwQr-e tatsu-section  tatsu-bg-overlay   tatsu-clearfix\" data-title=\"\"  data-headerscheme=\"background--dark\"><div class='tatsu-section-pad clearfix' data-padding='{\"d\":\"90px 0px 90px 0px\"}' data-padding-top='90px'><div class=\"tatsu-row-wrap  tatsu-wrap tatsu-row-one-col tatsu-row-has-one-cols tatsu-medium-gutter tatsu-reg-cols  tatsu-clearfix tatsu-rygUhhD7Hbe\" ><div  class=\"tatsu-row \" ><div  class=\"tatsu-column  tatsu-bg-overlay tatsu-one-col tatsu-column-image-none tatsu-column-effect-none  tatsu-HJ82hPQHZl\"  data-parallax-speed=\"0\" style=\"\"><div class=\"tatsu-column-inner \" ><div class=\"tatsu-column-pad-wrap\"><div class=\"tatsu-column-pad\" ><div  class=\"tatsu-single-image tatsu-module align-center tatsu-image-lazyload tatsu-Skdi6PXSZl  \" ><div class=\"tatsu-single-image-inner \" style=\"width : 150px;\" ><div class = \"tatsu-single-image-padding-wrap\" style = \"padding-bottom : 100%;\" ><\/div><img class = \"tatsu-gradient-border\" alt = \"\" title = \"Logo_handicap\" data-src = \"https:\/\/fhato.net\/fr\/wp-content\/uploads\/sites\/2\/2026\/01\/Logo_handicap-150x150.jpg\" src =\"data:image\/png;base64,iVBORw0KGgoAAAANSUhEUgAAAAEAAAABCAQAAAC1HAwCAAAAC0lEQVR42mNkYAAAAAYAAjCB0C8AAAAASUVORK5CYII=\"  \/><\/div><style>.tatsu-Skdi6PXSZl .tatsu-single-image-inner{border-style: solid;}.tatsu-Skdi6PXSZl.tatsu-single-image{transform: translate3d(0px,0px, 0);}<\/style><\/div><div  class=\"tatsu-module tatsu-text-block-wrap tatsu-B1Y3nDXr-l  \"><div class=\"tatsu-text-inner tatsu-align-center  clearfix\" ><style>.tatsu-B1Y3nDXr-l.tatsu-text-block-wrap .tatsu-text-inner{width: 100%;text-align: left;}<\/style>\n<h5>Les formations a\u00e9ronautiques sont soumises a l\u2019obtention d\u2019un\u00a0 Certificat m\u00e9dicale de classe 1 ou de Classe 2 en cours de validit\u00e9.\u00a0<\/h5>\n<h5>Toute difficult\u00e9 ou handicap sp\u00e9cifique sera consid\u00e9r\u00e9 et pris en compte. Le programme de la formation sera adapt\u00e9 en cons\u00e9quence dans le respect de la r\u00e8glementation (temps, co\u00fbt\u2026).\u00a0<a href=\"https:\/\/fhato.net\/fr\/wp-content\/uploads\/sites\/2\/2024\/12\/Agefiph-RHF-contacts_2024-06.pdf\">T\u00e9l\u00e9chargez la liste des Ressources Handicap Formation de l\u2019AGEFIPH<\/a>\u00a0pour plus d\u2019informations.<\/h5>\n<\/div><\/div><\/div><\/div><div class = \"tatsu-column-bg-image-wrap\"><div class = \"tatsu-column-bg-image\" ><\/div><\/div><div class=\"tatsu-overlay tatsu-column-overlay tatsu-animate-none\" ><\/div><\/div><style>.tatsu-row > .tatsu-HJ82hPQHZl.tatsu-column{width: 100%;}.tatsu-HJ82hPQHZl.tatsu-column > .tatsu-column-inner > .tatsu-column-overlay{mix-blend-mode: normal;}.tatsu-HJ82hPQHZl > .tatsu-column-inner > .tatsu-top-divider{z-index: 9999;}.tatsu-HJ82hPQHZl > .tatsu-column-inner > .tatsu-bottom-divider{z-index: 9999;}.tatsu-HJ82hPQHZl > .tatsu-column-inner > .tatsu-left-divider{z-index: 9999;}.tatsu-HJ82hPQHZl > .tatsu-column-inner > .tatsu-right-divider{z-index: 9999;}@media only screen and (max-width:1377px) {.tatsu-row > .tatsu-HJ82hPQHZl.tatsu-column{width: 100%;}}@media only screen and (min-width:768px) and (max-width: 1024px) {.tatsu-row > .tatsu-HJ82hPQHZl.tatsu-column{width: 100%;}}@media only screen and (max-width: 767px) {.tatsu-row > .tatsu-HJ82hPQHZl.tatsu-column{width: 100%;}}<\/style><\/div><\/div><\/div><\/div><div class=\"tatsu-section-background-wrap\"><div class = \"tatsu-section-background\" ><\/div><\/div><div class=\"tatsu-overlay tatsu-section-overlay\"><\/div><style>.tatsu-r1-U3nwQr-e .tatsu-section-pad{padding: 90px 0px 90px 0px;}.tatsu-r1-U3nwQr-e .tatsu-section-offset-wrap{transform: translateY(-0px);}.tatsu-r1-U3nwQr-e > .tatsu-bottom-divider{z-index: 9999;}.tatsu-r1-U3nwQr-e > .tatsu-top-divider{z-index: 9999;}.tatsu-r1-U3nwQr-e .tatsu-section-overlay{mix-blend-mode: normal;}<\/style><\/div>\n","protected":false},"excerpt":{"rendered":"<p><a href=\"https:\/\/fhato.net\/fr\/info-handi\/\" class=\"more-link style1-button\">Read More<\/a><\/p>","protected":false},"author":7,"featured_media":0,"parent":0,"menu_order":0,"comment_status":"closed","ping_status":"closed","template":"","meta":{"footnotes":""},"class_list":["post-3425","page","type-page","status-publish","hentry"],"yoast_head":"<!-- This site is optimized with the Yoast SEO plugin v26.7 - https:\/\/yoast.com\/wordpress\/plugins\/seo\/ -->\n<title>Fhato FR - Info Handicap<\/title>\n<meta name=\"description\" content=\"D\u00e9couvrez le groupe HBG, son \u00e9cole de pilotage d&#039;h\u00e9licopt\u00e8re FHATO Flight Training Center et toutes les autres soci\u00e9t\u00e9s du groupe.\" \/>\n<meta name=\"robots\" content=\"index, follow, max-snippet:-1, max-image-preview:large, max-video-preview:-1\" \/>\n<link rel=\"canonical\" href=\"https:\/\/fhato.net\/fr\/info-handi\/\" \/>\n<meta property=\"og:locale\" content=\"fr_FR\" \/>\n<meta property=\"og:type\" content=\"article\" \/>\n<meta property=\"og:title\" content=\"Fhato FR - Info Handicap\" \/>\n<meta property=\"og:description\" content=\"D\u00e9couvrez le groupe HBG, son \u00e9cole de pilotage d&#039;h\u00e9licopt\u00e8re FHATO Flight Training Center et toutes les autres soci\u00e9t\u00e9s du groupe.\" \/>\n<meta property=\"og:url\" content=\"https:\/\/fhato.net\/fr\/info-handi\/\" \/>\n<meta property=\"og:site_name\" content=\"Fhato FR\" \/>\n<meta property=\"article:modified_time\" content=\"2026-01-13T09:05:12+00:00\" \/>\n<meta property=\"og:image\" content=\"https:\/\/fhato.net\/fr\/wp-content\/uploads\/sites\/2\/2023\/01\/FHATO_FOND_ECRAN_9.jpg\" \/>\n\t<meta property=\"og:image:width\" content=\"1280\" \/>\n\t<meta property=\"og:image:height\" content=\"720\" \/>\n\t<meta property=\"og:image:type\" content=\"image\/jpeg\" \/>\n<meta name=\"twitter:card\" content=\"summary_large_image\" \/>\n<meta name=\"twitter:label1\" content=\"Dur\u00e9e de lecture estim\u00e9e\" \/>\n\t<meta name=\"twitter:data1\" content=\"16 minutes\" \/>\n<script type=\"application\/ld+json\" class=\"yoast-schema-graph\">{\"@context\":\"https:\/\/schema.org\",\"@graph\":[{\"@type\":\"Article\",\"@id\":\"https:\/\/fhato.net\/fr\/info-handi\/#article\",\"isPartOf\":{\"@id\":\"https:\/\/fhato.net\/fr\/info-handi\/\"},\"author\":{\"name\":\"sebastien\",\"@id\":\"https:\/\/fhato.net\/fr\/#\/schema\/person\/c7f57044b2ec2d3c23c377593204a8f8\"},\"headline\":\"Info Handicap\",\"datePublished\":\"2026-01-13T06:55:09+00:00\",\"dateModified\":\"2026-01-13T09:05:12+00:00\",\"mainEntityOfPage\":{\"@id\":\"https:\/\/fhato.net\/fr\/info-handi\/\"},\"wordCount\":1257,\"publisher\":{\"@id\":\"https:\/\/fhato.net\/fr\/#organization\"},\"inLanguage\":\"fr-FR\"},{\"@type\":\"WebPage\",\"@id\":\"https:\/\/fhato.net\/fr\/info-handi\/\",\"url\":\"https:\/\/fhato.net\/fr\/info-handi\/\",\"name\":\"Fhato FR - Info Handicap\",\"isPartOf\":{\"@id\":\"https:\/\/fhato.net\/fr\/#website\"},\"datePublished\":\"2026-01-13T06:55:09+00:00\",\"dateModified\":\"2026-01-13T09:05:12+00:00\",\"description\":\"D\u00e9couvrez le groupe HBG, son \u00e9cole de pilotage d'h\u00e9licopt\u00e8re FHATO Flight Training Center et toutes les autres soci\u00e9t\u00e9s du groupe.\",\"breadcrumb\":{\"@id\":\"https:\/\/fhato.net\/fr\/info-handi\/#breadcrumb\"},\"inLanguage\":\"fr-FR\",\"potentialAction\":[{\"@type\":\"ReadAction\",\"target\":[\"https:\/\/fhato.net\/fr\/info-handi\/\"]}]},{\"@type\":\"BreadcrumbList\",\"@id\":\"https:\/\/fhato.net\/fr\/info-handi\/#breadcrumb\",\"itemListElement\":[{\"@type\":\"ListItem\",\"position\":1,\"name\":\"Accueil\",\"item\":\"https:\/\/fhato.net\/fr\/\"},{\"@type\":\"ListItem\",\"position\":2,\"name\":\"Info Handicap\"}]},{\"@type\":\"WebSite\",\"@id\":\"https:\/\/fhato.net\/fr\/#website\",\"url\":\"https:\/\/fhato.net\/fr\/\",\"name\":\"Fhato FR\",\"description\":\"Ecole de pilotage h\u00e9licopt\u00e8re en France et en Suisse\",\"publisher\":{\"@id\":\"https:\/\/fhato.net\/fr\/#organization\"},\"potentialAction\":[{\"@type\":\"SearchAction\",\"target\":{\"@type\":\"EntryPoint\",\"urlTemplate\":\"https:\/\/fhato.net\/fr\/?s={search_term_string}\"},\"query-input\":{\"@type\":\"PropertyValueSpecification\",\"valueRequired\":true,\"valueName\":\"search_term_string\"}}],\"inLanguage\":\"fr-FR\"},{\"@type\":\"Organization\",\"@id\":\"https:\/\/fhato.net\/fr\/#organization\",\"name\":\"Fhato FR\",\"url\":\"https:\/\/fhato.net\/fr\/\",\"logo\":{\"@type\":\"ImageObject\",\"inLanguage\":\"fr-FR\",\"@id\":\"https:\/\/fhato.net\/fr\/#\/schema\/logo\/image\/\",\"url\":\"https:\/\/fhato.net\/fr\/wp-content\/uploads\/sites\/2\/2022\/06\/logo_fhato_2022_Noir.png\",\"contentUrl\":\"https:\/\/fhato.net\/fr\/wp-content\/uploads\/sites\/2\/2022\/06\/logo_fhato_2022_Noir.png\",\"width\":300,\"height\":300,\"caption\":\"Fhato FR\"},\"image\":{\"@id\":\"https:\/\/fhato.net\/fr\/#\/schema\/logo\/image\/\"}},{\"@type\":\"Person\",\"@id\":\"https:\/\/fhato.net\/fr\/#\/schema\/person\/c7f57044b2ec2d3c23c377593204a8f8\",\"name\":\"sebastien\",\"image\":{\"@type\":\"ImageObject\",\"inLanguage\":\"fr-FR\",\"@id\":\"https:\/\/fhato.net\/fr\/#\/schema\/person\/image\/\",\"url\":\"https:\/\/secure.gravatar.com\/avatar\/d1a12eb3e7e3ec8ffdec8b1148a5c458c2066eb1c08433d0dc15093351aa4026?s=96&d=mm&r=g\",\"contentUrl\":\"https:\/\/secure.gravatar.com\/avatar\/d1a12eb3e7e3ec8ffdec8b1148a5c458c2066eb1c08433d0dc15093351aa4026?s=96&d=mm&r=g\",\"caption\":\"sebastien\"},\"url\":\"https:\/\/fhato.net\/fr\/author\/sebastien\/\"}]}<\/script>\n<!-- \/ Yoast SEO plugin. -->","yoast_head_json":{"title":"Fhato FR - Info Handicap","description":"D\u00e9couvrez le groupe HBG, son \u00e9cole de pilotage d'h\u00e9licopt\u00e8re FHATO Flight Training Center et toutes les autres soci\u00e9t\u00e9s du groupe.","robots":{"index":"index","follow":"follow","max-snippet":"max-snippet:-1","max-image-preview":"max-image-preview:large","max-video-preview":"max-video-preview:-1"},"canonical":"https:\/\/fhato.net\/fr\/info-handi\/","og_locale":"fr_FR","og_type":"article","og_title":"Fhato FR - Info Handicap","og_description":"D\u00e9couvrez le groupe HBG, son \u00e9cole de pilotage d'h\u00e9licopt\u00e8re FHATO Flight Training Center et toutes les autres soci\u00e9t\u00e9s du groupe.","og_url":"https:\/\/fhato.net\/fr\/info-handi\/","og_site_name":"Fhato FR","article_modified_time":"2026-01-13T09:05:12+00:00","og_image":[{"width":1280,"height":720,"url":"https:\/\/fhato.net\/fr\/wp-content\/uploads\/sites\/2\/2023\/01\/FHATO_FOND_ECRAN_9.jpg","type":"image\/jpeg"}],"twitter_card":"summary_large_image","twitter_misc":{"Dur\u00e9e de lecture estim\u00e9e":"16 minutes"},"schema":{"@context":"https:\/\/schema.org","@graph":[{"@type":"Article","@id":"https:\/\/fhato.net\/fr\/info-handi\/#article","isPartOf":{"@id":"https:\/\/fhato.net\/fr\/info-handi\/"},"author":{"name":"sebastien","@id":"https:\/\/fhato.net\/fr\/#\/schema\/person\/c7f57044b2ec2d3c23c377593204a8f8"},"headline":"Info Handicap","datePublished":"2026-01-13T06:55:09+00:00","dateModified":"2026-01-13T09:05:12+00:00","mainEntityOfPage":{"@id":"https:\/\/fhato.net\/fr\/info-handi\/"},"wordCount":1257,"publisher":{"@id":"https:\/\/fhato.net\/fr\/#organization"},"inLanguage":"fr-FR"},{"@type":"WebPage","@id":"https:\/\/fhato.net\/fr\/info-handi\/","url":"https:\/\/fhato.net\/fr\/info-handi\/","name":"Fhato FR - Info Handicap","isPartOf":{"@id":"https:\/\/fhato.net\/fr\/#website"},"datePublished":"2026-01-13T06:55:09+00:00","dateModified":"2026-01-13T09:05:12+00:00","description":"D\u00e9couvrez le groupe HBG, son \u00e9cole de pilotage d'h\u00e9licopt\u00e8re FHATO Flight Training Center et toutes les autres soci\u00e9t\u00e9s du groupe.","breadcrumb":{"@id":"https:\/\/fhato.net\/fr\/info-handi\/#breadcrumb"},"inLanguage":"fr-FR","potentialAction":[{"@type":"ReadAction","target":["https:\/\/fhato.net\/fr\/info-handi\/"]}]},{"@type":"BreadcrumbList","@id":"https:\/\/fhato.net\/fr\/info-handi\/#breadcrumb","itemListElement":[{"@type":"ListItem","position":1,"name":"Accueil","item":"https:\/\/fhato.net\/fr\/"},{"@type":"ListItem","position":2,"name":"Info Handicap"}]},{"@type":"WebSite","@id":"https:\/\/fhato.net\/fr\/#website","url":"https:\/\/fhato.net\/fr\/","name":"Fhato FR","description":"Ecole de pilotage h\u00e9licopt\u00e8re en France et en Suisse","publisher":{"@id":"https:\/\/fhato.net\/fr\/#organization"},"potentialAction":[{"@type":"SearchAction","target":{"@type":"EntryPoint","urlTemplate":"https:\/\/fhato.net\/fr\/?s={search_term_string}"},"query-input":{"@type":"PropertyValueSpecification","valueRequired":true,"valueName":"search_term_string"}}],"inLanguage":"fr-FR"},{"@type":"Organization","@id":"https:\/\/fhato.net\/fr\/#organization","name":"Fhato FR","url":"https:\/\/fhato.net\/fr\/","logo":{"@type":"ImageObject","inLanguage":"fr-FR","@id":"https:\/\/fhato.net\/fr\/#\/schema\/logo\/image\/","url":"https:\/\/fhato.net\/fr\/wp-content\/uploads\/sites\/2\/2022\/06\/logo_fhato_2022_Noir.png","contentUrl":"https:\/\/fhato.net\/fr\/wp-content\/uploads\/sites\/2\/2022\/06\/logo_fhato_2022_Noir.png","width":300,"height":300,"caption":"Fhato FR"},"image":{"@id":"https:\/\/fhato.net\/fr\/#\/schema\/logo\/image\/"}},{"@type":"Person","@id":"https:\/\/fhato.net\/fr\/#\/schema\/person\/c7f57044b2ec2d3c23c377593204a8f8","name":"sebastien","image":{"@type":"ImageObject","inLanguage":"fr-FR","@id":"https:\/\/fhato.net\/fr\/#\/schema\/person\/image\/","url":"https:\/\/secure.gravatar.com\/avatar\/d1a12eb3e7e3ec8ffdec8b1148a5c458c2066eb1c08433d0dc15093351aa4026?s=96&d=mm&r=g","contentUrl":"https:\/\/secure.gravatar.com\/avatar\/d1a12eb3e7e3ec8ffdec8b1148a5c458c2066eb1c08433d0dc15093351aa4026?s=96&d=mm&r=g","caption":"sebastien"},"url":"https:\/\/fhato.net\/fr\/author\/sebastien\/"}]}},"_links":{"self":[{"href":"https:\/\/fhato.net\/fr\/wp-json\/wp\/v2\/pages\/3425","targetHints":{"allow":["GET"]}}],"collection":[{"href":"https:\/\/fhato.net\/fr\/wp-json\/wp\/v2\/pages"}],"about":[{"href":"https:\/\/fhato.net\/fr\/wp-json\/wp\/v2\/types\/page"}],"author":[{"embeddable":true,"href":"https:\/\/fhato.net\/fr\/wp-json\/wp\/v2\/users\/7"}],"replies":[{"embeddable":true,"href":"https:\/\/fhato.net\/fr\/wp-json\/wp\/v2\/comments?post=3425"}],"version-history":[{"count":8,"href":"https:\/\/fhato.net\/fr\/wp-json\/wp\/v2\/pages\/3425\/revisions"}],"predecessor-version":[{"id":3435,"href":"https:\/\/fhato.net\/fr\/wp-json\/wp\/v2\/pages\/3425\/revisions\/3435"}],"wp:attachment":[{"href":"https:\/\/fhato.net\/fr\/wp-json\/wp\/v2\/media?parent=3425"}],"curies":[{"name":"wp","href":"https:\/\/api.w.org\/{rel}","templated":true}]}}